{"id":400,"date":"2025-12-04T08:21:07","date_gmt":"2025-12-04T07:21:07","guid":{"rendered":"http:\/\/stag2025.stagcyber.eu\/strategie-et-conformite-reglementaire\/"},"modified":"2026-01-21T08:39:28","modified_gmt":"2026-01-21T07:39:28","slug":"strategie-et-conformite-reglementaire","status":"publish","type":"page","link":"https:\/\/www.stagcyber.fr\/fr\/strategie-et-conformite-reglementaire\/","title":{"rendered":"Strat\u00e9gie et conformit\u00e9 r\u00e9glementaire"},"content":{"rendered":"\t\t<div data-elementor-type=\"wp-page\" data-elementor-id=\"400\" class=\"elementor elementor-400 elementor-326\">\n\t\t\t\t<div class=\"elementor-element elementor-element-7f9403e e-grid e-con-boxed e-con e-parent\" data-id=\"7f9403e\" data-element_type=\"container\">\n\t\t\t\t\t<div class=\"e-con-inner\">\n\t\t\t\t<div class=\"elementor-element elementor-element-b623c45 elementor-hidden-mobile elementor-widget elementor-widget-image\" data-id=\"b623c45\" data-element_type=\"widget\" data-widget_type=\"image.default\">\n\t\t\t\t\t\t\t\t\t\t\t\t\t\t\t<img decoding=\"async\" width=\"150\" height=\"150\" src=\"https:\/\/www.stagcyber.fr\/wp-content\/uploads\/2025\/11\/Digital_evidence-150x150.jpg\" class=\"attachment-thumbnail size-thumbnail wp-image-701\" alt=\"\" \/>\t\t\t\t\t\t\t\t\t\t\t\t\t\t\t<\/div>\n\t\t\t\t<div class=\"elementor-element elementor-element-887a8cb elementor-widget elementor-widget-heading\" data-id=\"887a8cb\" data-element_type=\"widget\" data-widget_type=\"heading.default\">\n\t\t\t\t\t<h2 class=\"elementor-heading-title elementor-size-default\">Gouvernance strat\u00e9gique de l'information : augmentez, prot\u00e9gez et exploitez vos donn\u00e9es, vos informations et vos connaissances.<\/h2>\t\t\t\t<\/div>\n\t\t\t\t<div class=\"elementor-element elementor-element-bba4403 elementor-widget elementor-widget-heading\" data-id=\"bba4403\" data-element_type=\"widget\" data-widget_type=\"heading.default\">\n\t\t\t\t\t<h2 class=\"elementor-heading-title elementor-size-default\">Conformit\u00e9 aux r\u00e8glementations num\u00e9riques europ\u00e9ennes<\/h2>\t\t\t\t<\/div>\n\t\t\t\t<div class=\"elementor-element elementor-element-fa5aec2 elementor-hidden-mobile elementor-widget elementor-widget-image\" data-id=\"fa5aec2\" data-element_type=\"widget\" data-widget_type=\"image.default\">\n\t\t\t\t\t\t\t\t\t\t\t\t\t\t\t<img decoding=\"async\" width=\"150\" height=\"150\" src=\"https:\/\/www.stagcyber.fr\/wp-content\/uploads\/2025\/11\/Digital_evidence-150x150.jpg\" class=\"attachment-thumbnail size-thumbnail wp-image-701\" alt=\"\" \/>\t\t\t\t\t\t\t\t\t\t\t\t\t\t\t<\/div>\n\t\t\t\t<div class=\"elementor-element elementor-element-d05e924 elementor-hidden-mobile elementor-widget elementor-widget-image\" data-id=\"d05e924\" data-element_type=\"widget\" data-widget_type=\"image.default\">\n\t\t\t\t\t\t\t\t\t\t\t\t\t\t\t<img decoding=\"async\" width=\"150\" height=\"150\" src=\"https:\/\/www.stagcyber.fr\/wp-content\/uploads\/2025\/11\/Digital_evidence-150x150.jpg\" class=\"attachment-thumbnail size-thumbnail wp-image-701\" alt=\"\" \/>\t\t\t\t\t\t\t\t\t\t\t\t\t\t\t<\/div>\n\t\t\t\t<div class=\"elementor-element elementor-element-782bfc9 elementor-widget elementor-widget-heading\" data-id=\"782bfc9\" data-element_type=\"widget\" data-widget_type=\"heading.default\">\n\t\t\t\t\t<h2 class=\"elementor-heading-title elementor-size-default\">Gestion de la cybers\u00e9curit\u00e9: int\u00e9grez la cybers\u00e9curit\u00e9 dans la culture et la strat\u00e9gie de votre organisation \u2013 faites-en un acc\u00e9l\u00e9rateur pour atteindre vos objectifs. <\/h2>\t\t\t\t<\/div>\n\t\t\t\t<div class=\"elementor-element elementor-element-5c9cfad elementor-widget elementor-widget-heading\" data-id=\"5c9cfad\" data-element_type=\"widget\" data-widget_type=\"heading.default\">\n\t\t\t\t\t<h2 class=\"elementor-heading-title elementor-size-default\"><a href=\"https:\/\/www.stagcyber.fr\/strategy-and-compliance\/data-protection-consulting\/\">Protection des donn\u00e9es personnelles : montrez aux parties prenantes que votre gestion d\u00e8s leurs donn\u00e9es personnelles est s\u00fbr et respectueuse.<\/a><\/h2>\t\t\t\t<\/div>\n\t\t\t\t<div class=\"elementor-element elementor-element-4f3cc34 elementor-hidden-mobile elementor-widget elementor-widget-image\" data-id=\"4f3cc34\" data-element_type=\"widget\" data-widget_type=\"image.default\">\n\t\t\t\t\t\t\t\t\t\t\t\t\t\t\t<img decoding=\"async\" width=\"150\" height=\"150\" src=\"https:\/\/www.stagcyber.fr\/wp-content\/uploads\/2025\/11\/Digital_evidence-150x150.jpg\" class=\"attachment-thumbnail size-thumbnail wp-image-701\" alt=\"\" \/>\t\t\t\t\t\t\t\t\t\t\t\t\t\t\t<\/div>\n\t\t\t\t\t<\/div>\n\t\t\t\t<\/div>\n\t\t<div class=\"elementor-element elementor-element-7210a01 e-flex e-con-boxed e-con e-parent\" data-id=\"7210a01\" data-element_type=\"container\">\n\t\t\t\t\t<div class=\"e-con-inner\">\n\t\t\t\t<div class=\"elementor-element elementor-element-b4c24e1 elementor-widget elementor-widget-spacer\" data-id=\"b4c24e1\" data-element_type=\"widget\" data-widget_type=\"spacer.default\">\n\t\t\t\t\t\t\t<div class=\"elementor-spacer\">\n\t\t\t<div class=\"elementor-spacer-inner\"><\/div>\n\t\t<\/div>\n\t\t\t\t\t\t<\/div>\n\t\t\t\t<div class=\"elementor-element elementor-element-c4bf442 elementor-align-center animated-fast elementor-invisible elementor-widget elementor-widget-button\" data-id=\"c4bf442\" data-element_type=\"widget\" data-settings=\"{&quot;_animation&quot;:&quot;zoomIn&quot;}\" data-widget_type=\"button.default\">\n\t\t\t\t\t\t\t\t\t\t<a class=\"elementor-button elementor-button-link elementor-size-sm\" href=\"mailto:office@stagcybr.eu?subject=Web%20contact%20-%20cybersecurity%20and%20privacy\">\n\t\t\t\t\t\t<span class=\"elementor-button-content-wrapper\">\n\t\t\t\t\t\t<span class=\"elementor-button-icon\">\n\t\t\t\t<svg aria-hidden=\"true\" class=\"e-font-icon-svg e-far-comment-alt\" viewBox=\"0 0 512 512\" xmlns=\"http:\/\/www.w3.org\/2000\/svg\"><path d=\"M448 0H64C28.7 0 0 28.7 0 64v288c0 35.3 28.7 64 64 64h96v84c0 7.1 5.8 12 12 12 2.4 0 4.9-.7 7.1-2.4L304 416h144c35.3 0 64-28.7 64-64V64c0-35.3-28.7-64-64-64zm16 352c0 8.8-7.2 16-16 16H288l-12.8 9.6L208 428v-60H64c-8.8 0-16-7.2-16-16V64c0-8.8 7.2-16 16-16h384c8.8 0 16 7.2 16 16v288z\"><\/path><\/svg>\t\t\t<\/span>\n\t\t\t\t\t\t\t\t\t<span class=\"elementor-button-text\">Contactez-nous pour une premi\u00e8re \u00e9valuation<\/span>\n\t\t\t\t\t<\/span>\n\t\t\t\t\t<\/a>\n\t\t\t\t\t\t\t\t<\/div>\n\t\t\t\t<div class=\"elementor-element elementor-element-96a6676 elementor-widget elementor-widget-spacer\" data-id=\"96a6676\" data-element_type=\"widget\" data-widget_type=\"spacer.default\">\n\t\t\t\t\t\t\t<div class=\"elementor-spacer\">\n\t\t\t<div class=\"elementor-spacer-inner\"><\/div>\n\t\t<\/div>\n\t\t\t\t\t\t<\/div>\n\t\t\t\t<div class=\"elementor-element elementor-element-e5272bd elementor-widget elementor-widget-heading\" data-id=\"e5272bd\" data-element_type=\"widget\" data-widget_type=\"heading.default\">\n\t\t\t\t\t<h2 class=\"elementor-heading-title elementor-size-default\">Ce que vous pouvez faire:<\/h2>\t\t\t\t<\/div>\n\t\t\t\t<div class=\"elementor-element elementor-element-9bfb9ac e-transform elementor-widget elementor-widget-n-accordion\" data-id=\"9bfb9ac\" data-element_type=\"widget\" data-settings=\"{&quot;default_state&quot;:&quot;all_collapsed&quot;,&quot;max_items_expended&quot;:&quot;multiple&quot;,&quot;n_accordion_animation_duration&quot;:{&quot;unit&quot;:&quot;ms&quot;,&quot;size&quot;:400,&quot;sizes&quot;:[]},&quot;_transform_scale_effect_hover&quot;:{&quot;unit&quot;:&quot;px&quot;,&quot;size&quot;:&quot;&quot;,&quot;sizes&quot;:[]},&quot;_transform_scale_effect_hover_tablet&quot;:{&quot;unit&quot;:&quot;px&quot;,&quot;size&quot;:&quot;&quot;,&quot;sizes&quot;:[]},&quot;_transform_scale_effect_hover_mobile&quot;:{&quot;unit&quot;:&quot;px&quot;,&quot;size&quot;:&quot;&quot;,&quot;sizes&quot;:[]}}\" data-widget_type=\"nested-accordion.default\">\n\t\t\t\t\t\t\t<div class=\"e-n-accordion\" aria-label=\"Accordion. Open links with Enter or Space, close with Escape, and navigate with Arrow Keys\">\n\t\t\t\t\t\t<details id=\"e-n-accordion-item-1630\" class=\"e-n-accordion-item\" >\n\t\t\t\t<summary class=\"e-n-accordion-item-title\" data-accordion-index=\"1\" tabindex=\"0\" aria-expanded=\"false\" aria-controls=\"e-n-accordion-item-1630\" >\n\t\t\t\t\t<span class='e-n-accordion-item-title-header'><div class=\"e-n-accordion-item-title-text\"> Augmentez, prot\u00e9gez et exploitez vos donn\u00e9es, vos informations et vos connaissances <\/div><\/span>\n\t\t\t\t\t\t\t<span class='e-n-accordion-item-title-icon'>\n\t\t\t<span class='e-opened' ><svg aria-hidden=\"true\" class=\"e-font-icon-svg e-fas-minus\" viewBox=\"0 0 448 512\" xmlns=\"http:\/\/www.w3.org\/2000\/svg\"><path d=\"M416 208H32c-17.67 0-32 14.33-32 32v32c0 17.67 14.33 32 32 32h384c17.67 0 32-14.33 32-32v-32c0-17.67-14.33-32-32-32z\"><\/path><\/svg><\/span>\n\t\t\t<span class='e-closed'><svg aria-hidden=\"true\" class=\"e-font-icon-svg e-fas-plus\" viewBox=\"0 0 448 512\" xmlns=\"http:\/\/www.w3.org\/2000\/svg\"><path d=\"M416 208H272V64c0-17.67-14.33-32-32-32h-32c-17.67 0-32 14.33-32 32v144H32c-17.67 0-32 14.33-32 32v32c0 17.67 14.33 32 32 32h144v144c0 17.67 14.33 32 32 32h32c17.67 0 32-14.33 32-32V304h144c17.67 0 32-14.33 32-32v-32c0-17.67-14.33-32-32-32z\"><\/path><\/svg><\/span>\n\t\t<\/span>\n\n\t\t\t\t\t\t<\/summary>\n\t\t\t\t<div role=\"region\" aria-labelledby=\"e-n-accordion-item-1630\" class=\"elementor-element elementor-element-0a02b7c e-con-full e-flex e-con e-child\" data-id=\"0a02b7c\" data-element_type=\"container\">\n\t\t<div role=\"region\" aria-labelledby=\"e-n-accordion-item-1630\" class=\"elementor-element elementor-element-bcc5972 e-con-full e-flex e-con e-child\" data-id=\"bcc5972\" data-element_type=\"container\">\n\t\t\t\t<\/div>\n\t\t<div role=\"region\" aria-labelledby=\"e-n-accordion-item-1630\" class=\"elementor-element elementor-element-0920993 e-con-full e-flex e-con e-child\" data-id=\"0920993\" data-element_type=\"container\">\n\t\t\t\t<div class=\"elementor-element elementor-element-3f1f4dd elementor-widget elementor-widget-text-editor\" data-id=\"3f1f4dd\" data-element_type=\"widget\" data-widget_type=\"text-editor.default\">\n\t\t\t\t\t\t\t\t\t<p>Nous aidons les organisations \u00e0 g\u00e9rer leur atout le plus pr\u00e9cieux : l&rsquo;information. Une gestion efficace permet de minimiser les co\u00fbts et les risques tout en tirant le meilleur parti de cette ressource. Pour am\u00e9liorer le contr\u00f4le, il faut commencer par cartographier les flux d&rsquo;informations au sein de l&rsquo;organisation : comment elles sont collect\u00e9es, cr\u00e9\u00e9es, stock\u00e9es, utilis\u00e9es, conserv\u00e9es et \u00e9limin\u00e9es. Cette cartographie sert de base \u00e0 une analyse des lacunes qui permet d&rsquo;identifier la classification appropri\u00e9e, les risques de non-conformit\u00e9 et les inefficacit\u00e9s. Nous concevons ensuite un cadre de gouvernance de l&rsquo;information facile \u00e0 d\u00e9ployer, qui harmonise les politiques, les technologies et les op\u00e9rations afin que chaque membre de l&rsquo;organisation sache exactement comment les informations doivent \u00eatre g\u00e9r\u00e9es. Nous aidons \u00e0 mettre en \u0153uvre des contr\u00f4les du cycle de vie et \u00e0 s\u00e9lectionner les technologies de soutien n\u00e9cessaires, et nous veillons \u00e0 ce que la gouvernance soit int\u00e9gr\u00e9e gr\u00e2ce \u00e0 une responsabilit\u00e9 claire et \u00e0 une formation cibl\u00e9e, et non \u00e0 une simple collection de documents. Le r\u00e9sultat final est une approche durable et align\u00e9e sur l&rsquo;activit\u00e9 qui am\u00e9liore la qualit\u00e9 et la disponibilit\u00e9 des donn\u00e9es, soutient les objectifs et la prise de d\u00e9cision, r\u00e9duit les risques juridiques et op\u00e9rationnels et renforce la confiance des parties prenantes.      <\/p>\t\t\t\t\t\t\t\t<\/div>\n\t\t\t\t<\/div>\n\t\t\t\t<\/div>\n\t\t\t\t\t<\/details>\n\t\t\t\t\t\t<details id=\"e-n-accordion-item-1631\" class=\"e-n-accordion-item\" >\n\t\t\t\t<summary class=\"e-n-accordion-item-title\" data-accordion-index=\"2\" tabindex=\"-1\" aria-expanded=\"false\" aria-controls=\"e-n-accordion-item-1631\" >\n\t\t\t\t\t<span class='e-n-accordion-item-title-header'><div class=\"e-n-accordion-item-title-text\"> Naviguer dans le d\u00e9dale r\u00e9glementaire europ\u00e9en <\/div><\/span>\n\t\t\t\t\t\t\t<span class='e-n-accordion-item-title-icon'>\n\t\t\t<span class='e-opened' ><svg aria-hidden=\"true\" class=\"e-font-icon-svg e-fas-minus\" viewBox=\"0 0 448 512\" xmlns=\"http:\/\/www.w3.org\/2000\/svg\"><path d=\"M416 208H32c-17.67 0-32 14.33-32 32v32c0 17.67 14.33 32 32 32h384c17.67 0 32-14.33 32-32v-32c0-17.67-14.33-32-32-32z\"><\/path><\/svg><\/span>\n\t\t\t<span class='e-closed'><svg aria-hidden=\"true\" class=\"e-font-icon-svg e-fas-plus\" viewBox=\"0 0 448 512\" xmlns=\"http:\/\/www.w3.org\/2000\/svg\"><path d=\"M416 208H272V64c0-17.67-14.33-32-32-32h-32c-17.67 0-32 14.33-32 32v144H32c-17.67 0-32 14.33-32 32v32c0 17.67 14.33 32 32 32h144v144c0 17.67 14.33 32 32 32h32c17.67 0 32-14.33 32-32V304h144c17.67 0 32-14.33 32-32v-32c0-17.67-14.33-32-32-32z\"><\/path><\/svg><\/span>\n\t\t<\/span>\n\n\t\t\t\t\t\t<\/summary>\n\t\t\t\t<div role=\"region\" aria-labelledby=\"e-n-accordion-item-1631\" class=\"elementor-element elementor-element-aac9ea7 e-con-full e-flex e-con e-child\" data-id=\"aac9ea7\" data-element_type=\"container\">\n\t\t<div role=\"region\" aria-labelledby=\"e-n-accordion-item-1631\" class=\"elementor-element elementor-element-6d1055b e-con-full e-flex e-con e-child\" data-id=\"6d1055b\" data-element_type=\"container\">\n\t\t\t\t<\/div>\n\t\t<div role=\"region\" aria-labelledby=\"e-n-accordion-item-1631\" class=\"elementor-element elementor-element-ac705f9 e-con-full e-flex e-con e-child\" data-id=\"ac705f9\" data-element_type=\"container\">\n\t\t\t\t<div class=\"elementor-element elementor-element-30a3277 elementor-widget elementor-widget-text-editor\" data-id=\"30a3277\" data-element_type=\"widget\" data-widget_type=\"text-editor.default\">\n\t\t\t\t\t\t\t\t\t<p>La r\u00e9glementation europ\u00e9enne en mati\u00e8re de num\u00e9rique \u00e9volue rapidement et chaque acteur concern\u00e9 doit prouver que ses donn\u00e9es, sa cybers\u00e9curit\u00e9 et ses processus sont contr\u00f4l\u00e9s, conformes et v\u00e9rifiables. Nous vous aidons \u00e0 naviguer dans cette complexit\u00e9 gr\u00e2ce \u00e0 des programmes de conformit\u00e9 pratiques et ax\u00e9s sur les objectifs, qui transforment les obligations r\u00e9glementaires en actions claires et ex\u00e9cutables. Nous nous concentrons sur les r\u00e9glementations qui ont un impact sur la gouvernance des donn\u00e9es et des informations, notamment la loi sur l&rsquo;IA, le RGPD, la loi sur les services num\u00e9riques (DSA), la loi sur les march\u00e9s num\u00e9riques (DMA), la loi sur la cyber-r\u00e9silience (CRA), la NIS2, la DORA, la loi sur les donn\u00e9es et la loi sur la gouvernance des donn\u00e9es. Nous vous aidons \u00e0 d\u00e9terminer quelles r\u00e8gles s&rsquo;appliquent et comment elles s&rsquo;articulent entre elles, \u00e0 \u00e9valuer votre niveau de pr\u00e9paration actuel et \u00e0 traduire la loi en exigences op\u00e9rationnelles couvrant la gouvernance, les contr\u00f4les techniques, les contrats, la supervision des fournisseurs, la gestion des risques et la formation du personnel.   <\/p><p>Vous d\u00e9velopperez une plus grande r\u00e9silience en mati\u00e8re de donn\u00e9es et de cybers\u00e9curit\u00e9, r\u00e9duirez les risques r\u00e9glementaires et am\u00e9liorerez votre pr\u00e9paration aux violations, incidents et audits.<\/p>\t\t\t\t\t\t\t\t<\/div>\n\t\t\t\t<\/div>\n\t\t\t\t<\/div>\n\t\t\t\t\t<\/details>\n\t\t\t\t\t\t<details id=\"e-n-accordion-item-1632\" class=\"e-n-accordion-item\" >\n\t\t\t\t<summary class=\"e-n-accordion-item-title\" data-accordion-index=\"3\" tabindex=\"-1\" aria-expanded=\"false\" aria-controls=\"e-n-accordion-item-1632\" >\n\t\t\t\t\t<span class='e-n-accordion-item-title-header'><div class=\"e-n-accordion-item-title-text\"> Int\u00e9grez la cybers\u00e9curit\u00e9 dans la culture et la strat\u00e9gie de votre organisation \u2013 faites-en un acc\u00e9l\u00e9rateur pour atteindre vos objectifs  <\/div><\/span>\n\t\t\t\t\t\t\t<span class='e-n-accordion-item-title-icon'>\n\t\t\t<span class='e-opened' ><svg aria-hidden=\"true\" class=\"e-font-icon-svg e-fas-minus\" viewBox=\"0 0 448 512\" xmlns=\"http:\/\/www.w3.org\/2000\/svg\"><path d=\"M416 208H32c-17.67 0-32 14.33-32 32v32c0 17.67 14.33 32 32 32h384c17.67 0 32-14.33 32-32v-32c0-17.67-14.33-32-32-32z\"><\/path><\/svg><\/span>\n\t\t\t<span class='e-closed'><svg aria-hidden=\"true\" class=\"e-font-icon-svg e-fas-plus\" viewBox=\"0 0 448 512\" xmlns=\"http:\/\/www.w3.org\/2000\/svg\"><path d=\"M416 208H272V64c0-17.67-14.33-32-32-32h-32c-17.67 0-32 14.33-32 32v144H32c-17.67 0-32 14.33-32 32v32c0 17.67 14.33 32 32 32h144v144c0 17.67 14.33 32 32 32h32c17.67 0 32-14.33 32-32V304h144c17.67 0 32-14.33 32-32v-32c0-17.67-14.33-32-32-32z\"><\/path><\/svg><\/span>\n\t\t<\/span>\n\n\t\t\t\t\t\t<\/summary>\n\t\t\t\t<div role=\"region\" aria-labelledby=\"e-n-accordion-item-1632\" class=\"elementor-element elementor-element-0b7e395 e-con-full e-flex e-con e-child\" data-id=\"0b7e395\" data-element_type=\"container\">\n\t\t<div role=\"region\" aria-labelledby=\"e-n-accordion-item-1632\" class=\"elementor-element elementor-element-0b4d6f9 e-con-full e-flex e-con e-child\" data-id=\"0b4d6f9\" data-element_type=\"container\">\n\t\t\t\t<\/div>\n\t\t<div role=\"region\" aria-labelledby=\"e-n-accordion-item-1632\" class=\"elementor-element elementor-element-9f09cc7 e-con-full e-flex e-con e-child\" data-id=\"9f09cc7\" data-element_type=\"container\">\n\t\t\t\t<div class=\"elementor-element elementor-element-ad7f0bc elementor-widget elementor-widget-text-editor\" data-id=\"ad7f0bc\" data-element_type=\"widget\" data-widget_type=\"text-editor.default\">\n\t\t\t\t\t\t\t\t\t<p>Nous aidons les organisations \u00e0 r\u00e9duire leurs risques de mani\u00e8re fiable et mesurable en concevant, mettant en \u0153uvre et certifiant des syst\u00e8mes de gestion de la s\u00e9curit\u00e9 de l&rsquo;information (SGSI) conformes aux normes internationales et aux meilleures pratiques en vigueur. Nous traduisons les normes telles que ISO 27001 et ISO 27701 en contr\u00f4les pratiques, structures de gouvernance et processus op\u00e9rationnels. <\/p>\t\t\t\t\t\t\t\t<\/div>\n\t\t\t\t<\/div>\n\t\t\t\t<\/div>\n\t\t\t\t\t<\/details>\n\t\t\t\t\t\t<details id=\"e-n-accordion-item-1633\" class=\"e-n-accordion-item\" >\n\t\t\t\t<summary class=\"e-n-accordion-item-title\" data-accordion-index=\"4\" tabindex=\"-1\" aria-expanded=\"false\" aria-controls=\"e-n-accordion-item-1633\" >\n\t\t\t\t\t<span class='e-n-accordion-item-title-header'><div class=\"e-n-accordion-item-title-text\"> Montrez aux parties prenantes que votre gestion d\u00e8s leurs donn\u00e9es personnelles est s\u00fbre et respectueuse <\/div><\/span>\n\t\t\t\t\t\t\t<span class='e-n-accordion-item-title-icon'>\n\t\t\t<span class='e-opened' ><svg aria-hidden=\"true\" class=\"e-font-icon-svg e-fas-minus\" viewBox=\"0 0 448 512\" xmlns=\"http:\/\/www.w3.org\/2000\/svg\"><path d=\"M416 208H32c-17.67 0-32 14.33-32 32v32c0 17.67 14.33 32 32 32h384c17.67 0 32-14.33 32-32v-32c0-17.67-14.33-32-32-32z\"><\/path><\/svg><\/span>\n\t\t\t<span class='e-closed'><svg aria-hidden=\"true\" class=\"e-font-icon-svg e-fas-plus\" viewBox=\"0 0 448 512\" xmlns=\"http:\/\/www.w3.org\/2000\/svg\"><path d=\"M416 208H272V64c0-17.67-14.33-32-32-32h-32c-17.67 0-32 14.33-32 32v144H32c-17.67 0-32 14.33-32 32v32c0 17.67 14.33 32 32 32h144v144c0 17.67 14.33 32 32 32h32c17.67 0 32-14.33 32-32V304h144c17.67 0 32-14.33 32-32v-32c0-17.67-14.33-32-32-32z\"><\/path><\/svg><\/span>\n\t\t<\/span>\n\n\t\t\t\t\t\t<\/summary>\n\t\t\t\t<div role=\"region\" aria-labelledby=\"e-n-accordion-item-1633\" class=\"elementor-element elementor-element-fc01c57 e-flex e-con-boxed e-con e-child\" data-id=\"fc01c57\" data-element_type=\"container\">\n\t\t\t\t\t<div class=\"e-con-inner\">\n\t\t<div role=\"region\" aria-labelledby=\"e-n-accordion-item-1633\" class=\"elementor-element elementor-element-618f980 e-con-full e-flex e-con e-child\" data-id=\"618f980\" data-element_type=\"container\">\n\t\t\t\t<\/div>\n\t\t<div role=\"region\" aria-labelledby=\"e-n-accordion-item-1633\" class=\"elementor-element elementor-element-c638c42 e-con-full e-flex e-con e-child\" data-id=\"c638c42\" data-element_type=\"container\">\n\t\t\t\t<div class=\"elementor-element elementor-element-c46c933 elementor-widget elementor-widget-text-editor\" data-id=\"c46c933\" data-element_type=\"widget\" data-widget_type=\"text-editor.default\">\n\t\t\t\t\t\t\t\t\t<p>Nos services de conseil en mati\u00e8re de protection des donn\u00e9es aident les organisations de toute taille et de tout secteur \u00e0 se conformer (et \u00e0 rester conformes) au r\u00e8glement g\u00e9n\u00e9ral sur la protection des donn\u00e9es de l&rsquo;UE (RGPD) et \u00e0 l&rsquo;ensemble des autres r\u00e8glementations pertinentes. La conformit\u00e9 en mati\u00e8re de protection des donn\u00e9es et de confidentialit\u00e9 est avant tout une question organisationnelle, mais les aspects techniques de la s\u00e9curit\u00e9 de l&rsquo;information ainsi que les aspects juridiques sont tout aussi importants. Nous pouvons vous aider gr\u00e2ce \u00e0 une approche holistique et non sectorielle, de l&rsquo;analyse initiale des lacunes \u00e0 la gestion du traitement, en passant par l&rsquo;\u00e9laboration de politiques et de proc\u00e9dures internes et la mise en \u0153uvre de contr\u00f4les de s\u00e9curit\u00e9 de l&rsquo;information. Le RGPD a \u00e9largi son champ d&rsquo;application, obligeant les entreprises non europ\u00e9ennes \u00e0 se conformer \u00e9galement si elles souhaitent op\u00e9rer sur le march\u00e9 europ\u00e9en et traiter les donn\u00e9es personnelles des citoyens de l&rsquo;UE. Nous pouvons aider votre entreprise \u00e0 op\u00e9rer en toute s\u00e9curit\u00e9 en Europe.    <\/p>\t\t\t\t\t\t\t\t<\/div>\n\t\t\t\t<\/div>\n\t\t\t\t\t<\/div>\n\t\t\t\t<\/div>\n\t\t\t\t\t<\/details>\n\t\t\t\t\t<\/div>\n\t\t\t\t\t\t<\/div>\n\t\t\t\t\t<\/div>\n\t\t\t\t<\/div>\n\t\t\t\t<\/div>\n\t\t","protected":false},"excerpt":{"rendered":"<p>Gouvernance strat\u00e9gique de l&rsquo;information : augmentez, prot\u00e9gez et exploitez vos donn\u00e9es, vos informations et vos connaissances. Conformit\u00e9 aux r\u00e8glementations num\u00e9riques europ\u00e9ennes Gestion de la cybers\u00e9curit\u00e9: int\u00e9grez [&hellip;]<\/p>\n","protected":false},"author":1,"featured_media":0,"parent":0,"menu_order":0,"comment_status":"closed","ping_status":"closed","template":"","meta":{"footnotes":""},"class_list":["post-400","page","type-page","status-publish","hentry"],"_links":{"self":[{"href":"https:\/\/www.stagcyber.fr\/fr\/wp-json\/wp\/v2\/pages\/400","targetHints":{"allow":["GET"]}}],"collection":[{"href":"https:\/\/www.stagcyber.fr\/fr\/wp-json\/wp\/v2\/pages"}],"about":[{"href":"https:\/\/www.stagcyber.fr\/fr\/wp-json\/wp\/v2\/types\/page"}],"author":[{"embeddable":true,"href":"https:\/\/www.stagcyber.fr\/fr\/wp-json\/wp\/v2\/users\/1"}],"replies":[{"embeddable":true,"href":"https:\/\/www.stagcyber.fr\/fr\/wp-json\/wp\/v2\/comments?post=400"}],"version-history":[{"count":12,"href":"https:\/\/www.stagcyber.fr\/fr\/wp-json\/wp\/v2\/pages\/400\/revisions"}],"predecessor-version":[{"id":787,"href":"https:\/\/www.stagcyber.fr\/fr\/wp-json\/wp\/v2\/pages\/400\/revisions\/787"}],"wp:attachment":[{"href":"https:\/\/www.stagcyber.fr\/fr\/wp-json\/wp\/v2\/media?parent=400"}],"curies":[{"name":"wp","href":"https:\/\/api.w.org\/{rel}","templated":true}]}}