{"id":422,"date":"2025-12-04T08:06:57","date_gmt":"2025-12-04T07:06:57","guid":{"rendered":"http:\/\/stag2025.stagcyber.eu\/cybersecurite-et-criminalistique-numerique\/"},"modified":"2025-12-05T11:47:28","modified_gmt":"2025-12-05T10:47:28","slug":"cybersecurite-et-criminalistique-numerique","status":"publish","type":"page","link":"https:\/\/www.stagcyber.fr\/fr\/cybersecurite-et-criminalistique-numerique\/","title":{"rendered":"Cybers\u00e9curit\u00e9 et criminalistique num\u00e9rique"},"content":{"rendered":"\t\t<div data-elementor-type=\"wp-page\" data-elementor-id=\"422\" class=\"elementor elementor-422 elementor-320\">\n\t\t\t\t<div class=\"elementor-element elementor-element-e7a5995 e-con-full e-flex e-con e-parent\" data-id=\"e7a5995\" data-element_type=\"container\">\n\t\t\t\t<div class=\"elementor-element elementor-element-1ed7379 elementor-widget__width-initial elementor-widget elementor-widget-text-editor\" data-id=\"1ed7379\" data-element_type=\"widget\" data-widget_type=\"text-editor.default\">\n\t\t\t\t\t\t\t\t\t<h4>Cyber securit\u00e9<strong>&nbsp;<\/strong><\/h4>\n<p>StAG fournit ses services de conseil en se concentrant exclusivement sur l&rsquo;am\u00e9lioration du niveau de s\u00e9curit\u00e9 de ses clients, ind\u00e9pendamment de tout int\u00e9r\u00eat commercial li\u00e9 \u00e0 la revente de produits (approche neutre vis-\u00e0-vis des fournisseurs). Les points de r\u00e9f\u00e9rence sont les directives et normes internationalement reconnues dans ce secteur. Dans de nombreux cas, nous participons activement \u00e0 l&rsquo;\u00e9laboration de normes et \u00e0 la recherche ind\u00e9pendante dans le domaine de la s\u00e9curit\u00e9 de l&rsquo;information et de la cybers\u00e9curit\u00e9.  <\/p>\n<p>La s\u00e9rie de normes internationales ISO\/IEC 27000 constitue un guide pr\u00e9cieux pour la mise en \u0153uvre d&rsquo;un syst\u00e8me de gestion de la s\u00e9curit\u00e9, m\u00eame si la certification n&rsquo;est pas l&rsquo;objectif imm\u00e9diat. Les exigences et les contr\u00f4les contenus dans la norme constituent un excellent guide pour l&rsquo;exploitation, le contr\u00f4le, l&rsquo;analyse et l&rsquo;am\u00e9lioration continue des syst\u00e8mes de gestion de la s\u00e9curit\u00e9 de l&rsquo;information et de la confidentialit\u00e9. <\/p>\n<h4><span style=\"font-family: -apple-system, BlinkMacSystemFont, 'Segoe UI', Roboto, Oxygen-Sans, Ubuntu, Cantarell, 'Helvetica Neue', sans-serif;\">Forensic preparation<\/span><\/h4>\n<p>Nous aidons \u00e0 mettre en place un processus complet de pr\u00e9paration m\u00e9dico-l\u00e9gale, commen\u00e7ant par un audit de s\u00e9curit\u00e9 et une analyse des risques d\u00e9di\u00e9e. L&rsquo;objectif final est de mettre en place des proc\u00e9dures permettant de s\u00e9lectionner, d&rsquo;acqu\u00e9rir et d&rsquo;analyser des preuves num\u00e9riques solides, en \u00e9vitant toute violation de leur int\u00e9grit\u00e9 et en maximisant la possibilit\u00e9 de les utiliser dans toute proc\u00e9dure visant \u00e0 prot\u00e9ger les int\u00e9r\u00eats de l&rsquo;entreprise. <\/p>\n<h4>Criminalistique num\u00e9rique<\/h4>\n<p>StAG propose des services d&rsquo;expertise judiciaire num\u00e9rique et de conseil technique en informatique pour tous types de preuves : ordinateurs personnels, ordinateurs portables, appareils mobiles, syst\u00e8mes embarqu\u00e9s, IoT, SCADA et syst\u00e8mes industriels, serveurs et plateformes cloud. Analyse des enregistrements t\u00e9l\u00e9phoniques (CDR), analyse des r\u00e9seaux et des relations, analyse judiciaire des images num\u00e9riques, des fichiers audio et vid\u00e9o. <\/p>\t\t\t\t\t\t\t\t<\/div>\n\t\t<div class=\"elementor-element elementor-element-01d7f91 e-flex e-con-boxed e-con e-child\" data-id=\"01d7f91\" data-element_type=\"container\">\n\t\t\t\t\t<div class=\"e-con-inner\">\n\t\t\t\t\t<\/div>\n\t\t\t\t<\/div>\n\t\t\t\t<\/div>\n\t\t\t\t<\/div>\n\t\t","protected":false},"excerpt":{"rendered":"<p>Cyber securit\u00e9&nbsp; StAG fournit ses services de conseil en se concentrant exclusivement sur l&rsquo;am\u00e9lioration du niveau de s\u00e9curit\u00e9 de ses clients, ind\u00e9pendamment de tout int\u00e9r\u00eat commercial [&hellip;]<\/p>\n","protected":false},"author":1,"featured_media":0,"parent":0,"menu_order":0,"comment_status":"closed","ping_status":"closed","template":"","meta":{"footnotes":""},"class_list":["post-422","page","type-page","status-publish","hentry"],"_links":{"self":[{"href":"https:\/\/www.stagcyber.fr\/fr\/wp-json\/wp\/v2\/pages\/422","targetHints":{"allow":["GET"]}}],"collection":[{"href":"https:\/\/www.stagcyber.fr\/fr\/wp-json\/wp\/v2\/pages"}],"about":[{"href":"https:\/\/www.stagcyber.fr\/fr\/wp-json\/wp\/v2\/types\/page"}],"author":[{"embeddable":true,"href":"https:\/\/www.stagcyber.fr\/fr\/wp-json\/wp\/v2\/users\/1"}],"replies":[{"embeddable":true,"href":"https:\/\/www.stagcyber.fr\/fr\/wp-json\/wp\/v2\/comments?post=422"}],"version-history":[{"count":1,"href":"https:\/\/www.stagcyber.fr\/fr\/wp-json\/wp\/v2\/pages\/422\/revisions"}],"predecessor-version":[{"id":423,"href":"https:\/\/www.stagcyber.fr\/fr\/wp-json\/wp\/v2\/pages\/422\/revisions\/423"}],"wp:attachment":[{"href":"https:\/\/www.stagcyber.fr\/fr\/wp-json\/wp\/v2\/media?parent=422"}],"curies":[{"name":"wp","href":"https:\/\/api.w.org\/{rel}","templated":true}]}}