{"id":718,"date":"2026-01-07T17:44:52","date_gmt":"2026-01-07T16:44:52","guid":{"rendered":"https:\/\/www.stagcyber.fr\/projets-europeens\/"},"modified":"2026-01-20T18:30:57","modified_gmt":"2026-01-20T17:30:57","slug":"projets-europeens","status":"publish","type":"page","link":"https:\/\/www.stagcyber.fr\/fr\/projets-europeens\/","title":{"rendered":"Projets europ\u00e9ens"},"content":{"rendered":"\t\t<div data-elementor-type=\"wp-page\" data-elementor-id=\"718\" class=\"elementor elementor-718 elementor-659\">\n\t\t\t\t<div class=\"elementor-element elementor-element-40e639c3 e-grid e-con-boxed e-con e-parent\" data-id=\"40e639c3\" data-element_type=\"container\">\n\t\t\t\t\t<div class=\"e-con-inner\">\n\t\t\t\t<div class=\"elementor-element elementor-element-488f6b2a elementor-hidden-mobile elementor-widget elementor-widget-image\" data-id=\"488f6b2a\" data-element_type=\"widget\" data-widget_type=\"image.default\">\n\t\t\t\t\t\t\t\t\t\t\t\t\t\t\t<img decoding=\"async\" width=\"150\" height=\"150\" src=\"https:\/\/www.stagcyber.fr\/wp-content\/uploads\/2025\/11\/Digital_evidence-150x150.jpg\" class=\"attachment-thumbnail size-thumbnail wp-image-701\" alt=\"\" \/>\t\t\t\t\t\t\t\t\t\t\t\t\t\t\t<\/div>\n\t\t\t\t<div class=\"elementor-element elementor-element-1245c9ee elementor-widget elementor-widget-heading\" data-id=\"1245c9ee\" data-element_type=\"widget\" data-widget_type=\"heading.default\">\n\t\t\t\t\t<h2 class=\"elementor-heading-title elementor-size-default\">\u00c9laborer des id\u00e9es et des propositions efficaces<\/h2>\t\t\t\t<\/div>\n\t\t\t\t<div class=\"elementor-element elementor-element-3db7708a elementor-widget elementor-widget-heading\" data-id=\"3db7708a\" data-element_type=\"widget\" data-widget_type=\"heading.default\">\n\t\t\t\t\t<h2 class=\"elementor-heading-title elementor-size-default\">\u00c9tablir le bon partenariat, g\u00e9rer les relations et prot\u00e9ger vos donn\u00e9es<\/h2>\t\t\t\t<\/div>\n\t\t\t\t<div class=\"elementor-element elementor-element-619c7a6 elementor-hidden-mobile elementor-widget elementor-widget-image\" data-id=\"619c7a6\" data-element_type=\"widget\" data-widget_type=\"image.default\">\n\t\t\t\t\t\t\t\t\t\t\t\t\t\t\t<img decoding=\"async\" width=\"150\" height=\"150\" src=\"https:\/\/www.stagcyber.fr\/wp-content\/uploads\/2025\/11\/Digital_evidence-150x150.jpg\" class=\"attachment-thumbnail size-thumbnail wp-image-701\" alt=\"\" \/>\t\t\t\t\t\t\t\t\t\t\t\t\t\t\t<\/div>\n\t\t\t\t<div class=\"elementor-element elementor-element-296ca11d elementor-hidden-mobile elementor-widget elementor-widget-image\" data-id=\"296ca11d\" data-element_type=\"widget\" data-widget_type=\"image.default\">\n\t\t\t\t\t\t\t\t\t\t\t\t\t\t\t<img decoding=\"async\" width=\"150\" height=\"150\" src=\"https:\/\/www.stagcyber.fr\/wp-content\/uploads\/2025\/11\/Digital_evidence-150x150.jpg\" class=\"attachment-thumbnail size-thumbnail wp-image-701\" alt=\"\" \/>\t\t\t\t\t\t\t\t\t\t\t\t\t\t\t<\/div>\n\t\t\t\t<div class=\"elementor-element elementor-element-4506df88 elementor-widget elementor-widget-heading\" data-id=\"4506df88\" data-element_type=\"widget\" data-widget_type=\"heading.default\">\n\t\t\t\t\t<h2 class=\"elementor-heading-title elementor-size-default\">Acqu\u00e9rir et conserver les comp\u00e9tences n\u00e9cessaires pour participer \u00e0 des projets europ\u00e9ens.<\/h2>\t\t\t\t<\/div>\n\t\t\t\t\t<\/div>\n\t\t\t\t<\/div>\n\t\t<div class=\"elementor-element elementor-element-6355d95a e-flex e-con-boxed e-con e-parent\" data-id=\"6355d95a\" data-element_type=\"container\">\n\t\t\t\t\t<div class=\"e-con-inner\">\n\t\t\t\t<div class=\"elementor-element elementor-element-7f53269a elementor-widget elementor-widget-spacer\" data-id=\"7f53269a\" data-element_type=\"widget\" data-widget_type=\"spacer.default\">\n\t\t\t\t\t\t\t<div class=\"elementor-spacer\">\n\t\t\t<div class=\"elementor-spacer-inner\"><\/div>\n\t\t<\/div>\n\t\t\t\t\t\t<\/div>\n\t\t\t\t<div class=\"elementor-element elementor-element-342fa588 elementor-align-center animated-fast elementor-invisible elementor-widget elementor-widget-button\" data-id=\"342fa588\" data-element_type=\"widget\" data-settings=\"{&quot;_animation&quot;:&quot;zoomIn&quot;}\" data-widget_type=\"button.default\">\n\t\t\t\t\t\t\t\t\t\t<a class=\"elementor-button elementor-button-link elementor-size-sm\" href=\"mailto:office@stagcybr.eu?subject=Web%20contact%20-%20European%20projects\">\n\t\t\t\t\t\t<span class=\"elementor-button-content-wrapper\">\n\t\t\t\t\t\t<span class=\"elementor-button-icon\">\n\t\t\t\t<svg aria-hidden=\"true\" class=\"e-font-icon-svg e-far-comment-alt\" viewBox=\"0 0 512 512\" xmlns=\"http:\/\/www.w3.org\/2000\/svg\"><path d=\"M448 0H64C28.7 0 0 28.7 0 64v288c0 35.3 28.7 64 64 64h96v84c0 7.1 5.8 12 12 12 2.4 0 4.9-.7 7.1-2.4L304 416h144c35.3 0 64-28.7 64-64V64c0-35.3-28.7-64-64-64zm16 352c0 8.8-7.2 16-16 16H288l-12.8 9.6L208 428v-60H64c-8.8 0-16-7.2-16-16V64c0-8.8 7.2-16 16-16h384c8.8 0 16 7.2 16 16v288z\"><\/path><\/svg>\t\t\t<\/span>\n\t\t\t\t\t\t\t\t\t<span class=\"elementor-button-text\">Contactez-nous pour une premi\u00e8re \u00e9valuation<\/span>\n\t\t\t\t\t<\/span>\n\t\t\t\t\t<\/a>\n\t\t\t\t\t\t\t\t<\/div>\n\t\t\t\t<div class=\"elementor-element elementor-element-2c5d2ee8 elementor-widget elementor-widget-spacer\" data-id=\"2c5d2ee8\" data-element_type=\"widget\" data-widget_type=\"spacer.default\">\n\t\t\t\t\t\t\t<div class=\"elementor-spacer\">\n\t\t\t<div class=\"elementor-spacer-inner\"><\/div>\n\t\t<\/div>\n\t\t\t\t\t\t<\/div>\n\t\t\t\t<div class=\"elementor-element elementor-element-3d18e223 elementor-widget elementor-widget-heading\" data-id=\"3d18e223\" data-element_type=\"widget\" data-widget_type=\"heading.default\">\n\t\t\t\t\t<h2 class=\"elementor-heading-title elementor-size-default\">Ce que vous pouvez faire:<\/h2>\t\t\t\t<\/div>\n\t\t\t\t<div class=\"elementor-element elementor-element-50aca3d8 e-transform elementor-widget elementor-widget-n-accordion\" data-id=\"50aca3d8\" data-element_type=\"widget\" data-settings=\"{&quot;default_state&quot;:&quot;all_collapsed&quot;,&quot;max_items_expended&quot;:&quot;multiple&quot;,&quot;n_accordion_animation_duration&quot;:{&quot;unit&quot;:&quot;ms&quot;,&quot;size&quot;:400,&quot;sizes&quot;:[]},&quot;_transform_scale_effect_hover&quot;:{&quot;unit&quot;:&quot;px&quot;,&quot;size&quot;:&quot;&quot;,&quot;sizes&quot;:[]},&quot;_transform_scale_effect_hover_tablet&quot;:{&quot;unit&quot;:&quot;px&quot;,&quot;size&quot;:&quot;&quot;,&quot;sizes&quot;:[]},&quot;_transform_scale_effect_hover_mobile&quot;:{&quot;unit&quot;:&quot;px&quot;,&quot;size&quot;:&quot;&quot;,&quot;sizes&quot;:[]}}\" data-widget_type=\"nested-accordion.default\">\n\t\t\t\t\t\t\t<div class=\"e-n-accordion\" aria-label=\"Accordion. Open links with Enter or Space, close with Escape, and navigate with Arrow Keys\">\n\t\t\t\t\t\t<details id=\"e-n-accordion-item-1350\" class=\"e-n-accordion-item\" >\n\t\t\t\t<summary class=\"e-n-accordion-item-title\" data-accordion-index=\"1\" tabindex=\"0\" aria-expanded=\"false\" aria-controls=\"e-n-accordion-item-1350\" >\n\t\t\t\t\t<span class='e-n-accordion-item-title-header'><div class=\"e-n-accordion-item-title-text\"> \u00c9laborer des id\u00e9es et des propositions efficaces <\/div><\/span>\n\t\t\t\t\t\t\t<span class='e-n-accordion-item-title-icon'>\n\t\t\t<span class='e-opened' ><svg aria-hidden=\"true\" class=\"e-font-icon-svg e-fas-minus\" viewBox=\"0 0 448 512\" xmlns=\"http:\/\/www.w3.org\/2000\/svg\"><path d=\"M416 208H32c-17.67 0-32 14.33-32 32v32c0 17.67 14.33 32 32 32h384c17.67 0 32-14.33 32-32v-32c0-17.67-14.33-32-32-32z\"><\/path><\/svg><\/span>\n\t\t\t<span class='e-closed'><svg aria-hidden=\"true\" class=\"e-font-icon-svg e-fas-plus\" viewBox=\"0 0 448 512\" xmlns=\"http:\/\/www.w3.org\/2000\/svg\"><path d=\"M416 208H272V64c0-17.67-14.33-32-32-32h-32c-17.67 0-32 14.33-32 32v144H32c-17.67 0-32 14.33-32 32v32c0 17.67 14.33 32 32 32h144v144c0 17.67 14.33 32 32 32h32c17.67 0 32-14.33 32-32V304h144c17.67 0 32-14.33 32-32v-32c0-17.67-14.33-32-32-32z\"><\/path><\/svg><\/span>\n\t\t<\/span>\n\n\t\t\t\t\t\t<\/summary>\n\t\t\t\t<div role=\"region\" aria-labelledby=\"e-n-accordion-item-1350\" class=\"elementor-element elementor-element-2240fe58 e-con-full e-flex e-con e-child\" data-id=\"2240fe58\" data-element_type=\"container\">\n\t\t<div role=\"region\" aria-labelledby=\"e-n-accordion-item-1350\" class=\"elementor-element elementor-element-37f43c58 e-con-full e-flex e-con e-child\" data-id=\"37f43c58\" data-element_type=\"container\">\n\t\t\t\t<\/div>\n\t\t<div role=\"region\" aria-labelledby=\"e-n-accordion-item-1350\" class=\"elementor-element elementor-element-27ffbfe7 e-con-full e-flex e-con e-child\" data-id=\"27ffbfe7\" data-element_type=\"container\">\n\t\t\t\t<div class=\"elementor-element elementor-element-3945d35a elementor-widget elementor-widget-text-editor\" data-id=\"3945d35a\" data-element_type=\"widget\" data-widget_type=\"text-editor.default\">\n\t\t\t\t\t\t\t\t\t<p>Le financement europ\u00e9en devient de plus en plus comp\u00e9titif : la marge entre une bonne proposition et une proposition financ\u00e9e se r\u00e9sume souvent \u00e0 la clart\u00e9, \u00e0 la coh\u00e9rence, \u00e0 la compr\u00e9hension des objectifs de l&rsquo;appel et \u00e0 un positionnement pr\u00e9cis. Nous aidons les organisations \u00e0 transformer leurs id\u00e9es de projet en propositions convaincantes, conformes et comp\u00e9titives, pour des programmes tels que Horizon Europe, Digital Europe et le Fonds europ\u00e9en de d\u00e9fense. Nous vous accompagnons tout au long du processus, du concept initial \u00e0 la soumission, en veillant \u00e0 ce que votre proposition r\u00e9ponde non seulement aux exigences formelles, mais aussi aux attentes et aux priorit\u00e9s des \u00e9valuateurs.  <\/p>\t\t\t\t\t\t\t\t<\/div>\n\t\t\t\t<\/div>\n\t\t\t\t<\/div>\n\t\t\t\t\t<\/details>\n\t\t\t\t\t\t<details id=\"e-n-accordion-item-1351\" class=\"e-n-accordion-item\" >\n\t\t\t\t<summary class=\"e-n-accordion-item-title\" data-accordion-index=\"2\" tabindex=\"-1\" aria-expanded=\"false\" aria-controls=\"e-n-accordion-item-1351\" >\n\t\t\t\t\t<span class='e-n-accordion-item-title-header'><div class=\"e-n-accordion-item-title-text\"> \u00c9tablir le bon partenariat, g\u00e9rer les relations et prot\u00e9ger vos donn\u00e9es <\/div><\/span>\n\t\t\t\t\t\t\t<span class='e-n-accordion-item-title-icon'>\n\t\t\t<span class='e-opened' ><svg aria-hidden=\"true\" class=\"e-font-icon-svg e-fas-minus\" viewBox=\"0 0 448 512\" xmlns=\"http:\/\/www.w3.org\/2000\/svg\"><path d=\"M416 208H32c-17.67 0-32 14.33-32 32v32c0 17.67 14.33 32 32 32h384c17.67 0 32-14.33 32-32v-32c0-17.67-14.33-32-32-32z\"><\/path><\/svg><\/span>\n\t\t\t<span class='e-closed'><svg aria-hidden=\"true\" class=\"e-font-icon-svg e-fas-plus\" viewBox=\"0 0 448 512\" xmlns=\"http:\/\/www.w3.org\/2000\/svg\"><path d=\"M416 208H272V64c0-17.67-14.33-32-32-32h-32c-17.67 0-32 14.33-32 32v144H32c-17.67 0-32 14.33-32 32v32c0 17.67 14.33 32 32 32h144v144c0 17.67 14.33 32 32 32h32c17.67 0 32-14.33 32-32V304h144c17.67 0 32-14.33 32-32v-32c0-17.67-14.33-32-32-32z\"><\/path><\/svg><\/span>\n\t\t<\/span>\n\n\t\t\t\t\t\t<\/summary>\n\t\t\t\t<div role=\"region\" aria-labelledby=\"e-n-accordion-item-1351\" class=\"elementor-element elementor-element-361dcd96 e-con-full e-flex e-con e-child\" data-id=\"361dcd96\" data-element_type=\"container\">\n\t\t<div role=\"region\" aria-labelledby=\"e-n-accordion-item-1351\" class=\"elementor-element elementor-element-3b10b0d7 e-con-full e-flex e-con e-child\" data-id=\"3b10b0d7\" data-element_type=\"container\">\n\t\t\t\t<\/div>\n\t\t<div role=\"region\" aria-labelledby=\"e-n-accordion-item-1351\" class=\"elementor-element elementor-element-ccedae e-con-full e-flex e-con e-child\" data-id=\"ccedae\" data-element_type=\"container\">\n\t\t\t\t<div class=\"elementor-element elementor-element-9b638fa elementor-widget elementor-widget-text-editor\" data-id=\"9b638fa\" data-element_type=\"widget\" data-widget_type=\"text-editor.default\">\n\t\t\t\t\t\t\t\t\t<p>La constitution du bon consortium est souvent la partie la plus difficile de l&rsquo;\u00e9laboration d&rsquo;une proposition, mais elle est d\u00e9cisive. Nous vous aidons \u00e0 identifier, engager et garantir les partenaires qui renforceront votre proposition et d\u00e9montreront de mani\u00e8re convaincante la masse critique, l&rsquo;expertise et la dimension europ\u00e9enne attendues par les \u00e9valuateurs. Que vous envisagiez de coordonner le projet ou de vous y associer en tant que partenaire, nous pouvons vous aider \u00e0 constituer un consortium ad\u00e9quat, avec des r\u00f4les d\u00e9finis et des comp\u00e9tences \u00e9quilibr\u00e9es. Nous vous aidons \u00e9galement \u00e0 mettre en place le cadre juridique n\u00e9cessaire \u00e0 une collaboration s\u00fbre et \u00e0 prot\u00e9ger votre propri\u00e9t\u00e9 intellectuelle d\u00e8s le stade de l&rsquo;\u00e9laboration de la proposition.   <\/p>\t\t\t\t\t\t\t\t<\/div>\n\t\t\t\t<\/div>\n\t\t\t\t<\/div>\n\t\t\t\t\t<\/details>\n\t\t\t\t\t\t<details id=\"e-n-accordion-item-1352\" class=\"e-n-accordion-item\" >\n\t\t\t\t<summary class=\"e-n-accordion-item-title\" data-accordion-index=\"3\" tabindex=\"-1\" aria-expanded=\"false\" aria-controls=\"e-n-accordion-item-1352\" >\n\t\t\t\t\t<span class='e-n-accordion-item-title-header'><div class=\"e-n-accordion-item-title-text\"> Acqu\u00e9rir et conserver les comp\u00e9tences n\u00e9cessaires pour participer \u00e0 des projets europ\u00e9ens. <\/div><\/span>\n\t\t\t\t\t\t\t<span class='e-n-accordion-item-title-icon'>\n\t\t\t<span class='e-opened' ><svg aria-hidden=\"true\" class=\"e-font-icon-svg e-fas-minus\" viewBox=\"0 0 448 512\" xmlns=\"http:\/\/www.w3.org\/2000\/svg\"><path d=\"M416 208H32c-17.67 0-32 14.33-32 32v32c0 17.67 14.33 32 32 32h384c17.67 0 32-14.33 32-32v-32c0-17.67-14.33-32-32-32z\"><\/path><\/svg><\/span>\n\t\t\t<span class='e-closed'><svg aria-hidden=\"true\" class=\"e-font-icon-svg e-fas-plus\" viewBox=\"0 0 448 512\" xmlns=\"http:\/\/www.w3.org\/2000\/svg\"><path d=\"M416 208H272V64c0-17.67-14.33-32-32-32h-32c-17.67 0-32 14.33-32 32v144H32c-17.67 0-32 14.33-32 32v32c0 17.67 14.33 32 32 32h144v144c0 17.67 14.33 32 32 32h32c17.67 0 32-14.33 32-32V304h144c17.67 0 32-14.33 32-32v-32c0-17.67-14.33-32-32-32z\"><\/path><\/svg><\/span>\n\t\t<\/span>\n\n\t\t\t\t\t\t<\/summary>\n\t\t\t\t<div role=\"region\" aria-labelledby=\"e-n-accordion-item-1352\" class=\"elementor-element elementor-element-5986daf8 e-con-full e-flex e-con e-child\" data-id=\"5986daf8\" data-element_type=\"container\">\n\t\t<div role=\"region\" aria-labelledby=\"e-n-accordion-item-1352\" class=\"elementor-element elementor-element-473f2996 e-con-full e-flex e-con e-child\" data-id=\"473f2996\" data-element_type=\"container\">\n\t\t\t\t<\/div>\n\t\t<div role=\"region\" aria-labelledby=\"e-n-accordion-item-1352\" class=\"elementor-element elementor-element-7aa4a30a e-con-full e-flex e-con e-child\" data-id=\"7aa4a30a\" data-element_type=\"container\">\n\t\t\t\t<div class=\"elementor-element elementor-element-5ed6a66c elementor-widget elementor-widget-text-editor\" data-id=\"5ed6a66c\" data-element_type=\"widget\" data-widget_type=\"text-editor.default\">\n\t\t\t\t\t\t\t\t\t<p>Nous proposons des cours sur mesure aux organisations int\u00e9ress\u00e9es par les programmes europ\u00e9ens de financement de la recherche et du d\u00e9veloppement, de l&rsquo;\u00e9laboration de propositions \u00e0 la budg\u00e9tisation, en passant par la gestion de projets et la protection de la propri\u00e9t\u00e9 intellectuelle.<\/p>\t\t\t\t\t\t\t\t<\/div>\n\t\t\t\t<\/div>\n\t\t\t\t<\/div>\n\t\t\t\t\t<\/details>\n\t\t\t\t\t<\/div>\n\t\t\t\t\t\t<\/div>\n\t\t\t\t\t<\/div>\n\t\t\t\t<\/div>\n\t\t\t\t<\/div>\n\t\t","protected":false},"excerpt":{"rendered":"<p>\u00c9laborer des id\u00e9es et des propositions efficaces \u00c9tablir le bon partenariat, g\u00e9rer les relations et prot\u00e9ger vos donn\u00e9es Acqu\u00e9rir et conserver les comp\u00e9tences n\u00e9cessaires pour participer [&hellip;]<\/p>\n","protected":false},"author":1,"featured_media":0,"parent":0,"menu_order":0,"comment_status":"closed","ping_status":"closed","template":"","meta":{"footnotes":""},"class_list":["post-718","page","type-page","status-publish","hentry"],"_links":{"self":[{"href":"https:\/\/www.stagcyber.fr\/fr\/wp-json\/wp\/v2\/pages\/718","targetHints":{"allow":["GET"]}}],"collection":[{"href":"https:\/\/www.stagcyber.fr\/fr\/wp-json\/wp\/v2\/pages"}],"about":[{"href":"https:\/\/www.stagcyber.fr\/fr\/wp-json\/wp\/v2\/types\/page"}],"author":[{"embeddable":true,"href":"https:\/\/www.stagcyber.fr\/fr\/wp-json\/wp\/v2\/users\/1"}],"replies":[{"embeddable":true,"href":"https:\/\/www.stagcyber.fr\/fr\/wp-json\/wp\/v2\/comments?post=718"}],"version-history":[{"count":3,"href":"https:\/\/www.stagcyber.fr\/fr\/wp-json\/wp\/v2\/pages\/718\/revisions"}],"predecessor-version":[{"id":783,"href":"https:\/\/www.stagcyber.fr\/fr\/wp-json\/wp\/v2\/pages\/718\/revisions\/783"}],"wp:attachment":[{"href":"https:\/\/www.stagcyber.fr\/fr\/wp-json\/wp\/v2\/media?parent=718"}],"curies":[{"name":"wp","href":"https:\/\/api.w.org\/{rel}","templated":true}]}}