{"id":294,"date":"2025-12-03T14:32:32","date_gmt":"2025-12-03T13:32:32","guid":{"rendered":"http:\/\/stag2025.stagcyber.eu\/protezione-dei-dati-personali\/"},"modified":"2025-12-04T08:25:40","modified_gmt":"2025-12-04T07:25:40","slug":"protezione-dei-dati-personali","status":"publish","type":"page","link":"https:\/\/www.stagcyber.fr\/it\/compliance-e-strategia\/protezione-dei-dati-personali\/","title":{"rendered":"Protezione dei dati personali"},"content":{"rendered":"\t\t<div data-elementor-type=\"wp-page\" data-elementor-id=\"294\" class=\"elementor elementor-294 elementor-235\">\n\t\t\t\t<div class=\"elementor-element elementor-element-0db2329 e-flex e-con-boxed e-con e-parent\" data-id=\"0db2329\" data-element_type=\"container\">\n\t\t\t\t\t<div class=\"e-con-inner\">\n\t\t<div class=\"elementor-element elementor-element-2e43d9c e-con-full e-flex e-con e-child\" data-id=\"2e43d9c\" data-element_type=\"container\">\n\t\t\t\t<div class=\"elementor-element elementor-element-5ecc263 elementor-widget elementor-widget-text-editor\" data-id=\"5ecc263\" data-element_type=\"widget\" data-widget_type=\"text-editor.default\">\n\t\t\t\t\t\t\t\t\t<h2><span style=\"font-weight: 600;\">Consulenza in materia di protezione dei dati<\/span><\/h2><p>Ill Regolamento Europeo sulla Protezione dei Dati (RGPD), ha innovato sostanzialmente le prescrizioni per tutte le organizzazioni che trattano dati personali. L\u2019approccio non \u00e8 pi\u00f9 meramente prescrittivo ma diventa sostanziale.<br>La protezione dei dati entra cos\u00ec a pieno titolo nella compliance aziendale e si avvicina ai concetti alla base per esempio dei modelli gestionali ex D.Lgs. 231 e dei sistemi di gestione a norma ISO.<br><br><br><br>La nostra esperienza nei settori contigui della sicurezza delle informazioni e dei modelli di gestione ci permette di offrire un pacchetto di consulenza a tutto tondo:<br>Sicurezza dei dati biometrici<br>Profilazione e marketing GDPR-compliant<br>Trattamenti dei dati relativi al personale<br>Gestione della videosorveglianza<br>Dati giudiziari e forensics aziendale: come preparare l&#8217;azienda a difendere i propri interessi senza violare le norme privacy<br>Possiamo ricoprire la posizione di Responsabile per la Protezione dei Dati (Data Protection Officer) esterno per qualsiasi tipo di organizzazione, pubblica o privata. <\/p><p>Non pi\u00f9 quindi una mera lista di \u201cmisure minime\u201d e documenti da compilare, ma l&#8217;autonomia e la responsabilizzazione del Titolare, e di conseguenza l\u2019obbligo di poter dimostrare, in qualsiasi momento, che essi avvengono nel rispetto dei principi di base: riservatezza, proporzionalit\u00e0, pertinenza, minimizzazione, anonimizzazione.<\/p><p>Offriamo consulenza per l\u2019adeguamento e il mantenimento della compliance in materia di privacy e protezione dei dati, sia per quanto riguarda gli aspetti tecnici di sicurezza che quelli organizzativi: <\/p><p>Our services can be articulated as follows:<\/p><ul><li><br>Gap analysis e programmazione degli interventi<br>Censimento dei trattamenti e dei dati personali trattati<br>Analisi dei rischi che incombono sui dati<br>Valutazione di impatto privacy per i trattamenti ad alto rischio<br>Sviluppo di regolamenti interni<br>Controlli e misure di sicurezza informativa<br>Redazione dei modelli di informativa e consenso<br>Formazione e sensibilizzazione<\/li><li>Developing of mandatory documents for privacy compliance<\/li><li>Data Protection Impact Assessment<\/li><li>Audit of privacy controls in place<\/li><li>Developing of instructions for IT systems users and security policies<\/li><li>IT security controls for privacy<\/li><li>Organizational controls<\/li><li>ISO\/IEC 27001 implementation and controls<\/li><li>Information and consent<\/li><li>&#8212;<\/li><li>Training and seminars<\/li><\/ul><p>Our extensive experience in information security management systems and cybersecurity allows us to tackle particular data protection issues as well:<\/p><ul><li>Data Processing for profiling and marketing<\/li><li>Biometric and genetic data<\/li><li>Geolocalized data<\/li><li>Employees\u2019 data processing<\/li><li>Videosorveglianza<\/li><li>Dati giudiziari e informatica forense in azienda<\/li><\/ul><p>We can act as an external <span style=\"font-weight: 600;\"><em>Data Protection Officer<\/em> (DPO)<\/span> for every kind of European organization.<\/p>\t\t\t\t\t\t\t\t<\/div>\n\t\t\t\t<\/div>\n\t\t<div class=\"elementor-element elementor-element-14befe6 e-con-full e-flex e-con e-child\" data-id=\"14befe6\" data-element_type=\"container\">\n\t\t\t\t<div class=\"elementor-element elementor-element-f70a092 elementor-align-center elementor-widget elementor-widget-button\" data-id=\"f70a092\" data-element_type=\"widget\" data-widget_type=\"button.default\">\n\t\t\t\t\t\t\t\t\t\t<a class=\"elementor-button elementor-button-link elementor-size-sm\" href=\"#\">\n\t\t\t\t\t\t<span class=\"elementor-button-content-wrapper\">\n\t\t\t\t\t\t\t\t\t<span class=\"elementor-button-text\">Compliance GDPR<\/span>\n\t\t\t\t\t<\/span>\n\t\t\t\t\t<\/a>\n\t\t\t\t\t\t\t\t<\/div>\n\t\t\t\t<\/div>\n\t\t\t\t\t<\/div>\n\t\t\t\t<\/div>\n\t\t<div class=\"elementor-element elementor-element-b4711b6 e-flex e-con-boxed e-con e-parent\" data-id=\"b4711b6\" data-element_type=\"container\">\n\t\t\t\t\t<div class=\"e-con-inner\">\n\t\t\t\t\t<\/div>\n\t\t\t\t<\/div>\n\t\t\t\t<\/div>\n\t\t","protected":false},"excerpt":{"rendered":"<p>Consulenza in materia di protezione dei dati Ill Regolamento Europeo sulla Protezione dei Dati (RGPD), ha innovato sostanzialmente le prescrizioni per tutte le organizzazioni che trattano [&hellip;]<\/p>\n","protected":false},"author":1,"featured_media":0,"parent":334,"menu_order":0,"comment_status":"closed","ping_status":"closed","template":"elementor_header_footer","meta":{"footnotes":""},"class_list":["post-294","page","type-page","status-publish","hentry"],"_links":{"self":[{"href":"https:\/\/www.stagcyber.fr\/it\/wp-json\/wp\/v2\/pages\/294","targetHints":{"allow":["GET"]}}],"collection":[{"href":"https:\/\/www.stagcyber.fr\/it\/wp-json\/wp\/v2\/pages"}],"about":[{"href":"https:\/\/www.stagcyber.fr\/it\/wp-json\/wp\/v2\/types\/page"}],"author":[{"embeddable":true,"href":"https:\/\/www.stagcyber.fr\/it\/wp-json\/wp\/v2\/users\/1"}],"replies":[{"embeddable":true,"href":"https:\/\/www.stagcyber.fr\/it\/wp-json\/wp\/v2\/comments?post=294"}],"version-history":[{"count":1,"href":"https:\/\/www.stagcyber.fr\/it\/wp-json\/wp\/v2\/pages\/294\/revisions"}],"predecessor-version":[{"id":295,"href":"https:\/\/www.stagcyber.fr\/it\/wp-json\/wp\/v2\/pages\/294\/revisions\/295"}],"up":[{"embeddable":true,"href":"https:\/\/www.stagcyber.fr\/it\/wp-json\/wp\/v2\/pages\/334"}],"wp:attachment":[{"href":"https:\/\/www.stagcyber.fr\/it\/wp-json\/wp\/v2\/media?parent=294"}],"curies":[{"name":"wp","href":"https:\/\/api.w.org\/{rel}","templated":true}]}}