{"id":334,"date":"2025-12-04T08:21:07","date_gmt":"2025-12-04T07:21:07","guid":{"rendered":"http:\/\/stag2025.stagcyber.eu\/compliance-e-strategia\/"},"modified":"2026-01-21T08:39:28","modified_gmt":"2026-01-21T07:39:28","slug":"compliance-e-strategia","status":"publish","type":"page","link":"https:\/\/www.stagcyber.fr\/it\/compliance-e-strategia\/","title":{"rendered":"Compliance e strategia"},"content":{"rendered":"\t\t<div data-elementor-type=\"wp-page\" data-elementor-id=\"334\" class=\"elementor elementor-334 elementor-326\">\n\t\t\t\t<div class=\"elementor-element elementor-element-7f9403e e-grid e-con-boxed e-con e-parent\" data-id=\"7f9403e\" data-element_type=\"container\">\n\t\t\t\t\t<div class=\"e-con-inner\">\n\t\t\t\t<div class=\"elementor-element elementor-element-b623c45 elementor-hidden-mobile elementor-widget elementor-widget-image\" data-id=\"b623c45\" data-element_type=\"widget\" data-widget_type=\"image.default\">\n\t\t\t\t\t\t\t\t\t\t\t\t\t\t\t<img decoding=\"async\" width=\"150\" height=\"150\" src=\"https:\/\/www.stagcyber.fr\/wp-content\/uploads\/2025\/11\/Digital_evidence-150x150.jpg\" class=\"attachment-thumbnail size-thumbnail wp-image-721\" alt=\"\" \/>\t\t\t\t\t\t\t\t\t\t\t\t\t\t\t<\/div>\n\t\t\t\t<div class=\"elementor-element elementor-element-887a8cb elementor-widget elementor-widget-heading\" data-id=\"887a8cb\" data-element_type=\"widget\" data-widget_type=\"heading.default\">\n\t\t\t\t\t<h2 class=\"elementor-heading-title elementor-size-default\">Governance strategica delle informazioni: aumenta, proteggi e sfrutta i tuoi dati, le tue informazioni e la tua conoscenza<\/h2>\t\t\t\t<\/div>\n\t\t\t\t<div class=\"elementor-element elementor-element-bba4403 elementor-widget elementor-widget-heading\" data-id=\"bba4403\" data-element_type=\"widget\" data-widget_type=\"heading.default\">\n\t\t\t\t\t<h2 class=\"elementor-heading-title elementor-size-default\">Conformit\u00e0 ai regolamenti digitali europei: superare la sfida normativa<\/h2>\t\t\t\t<\/div>\n\t\t\t\t<div class=\"elementor-element elementor-element-fa5aec2 elementor-hidden-mobile elementor-widget elementor-widget-image\" data-id=\"fa5aec2\" data-element_type=\"widget\" data-widget_type=\"image.default\">\n\t\t\t\t\t\t\t\t\t\t\t\t\t\t\t<img decoding=\"async\" width=\"150\" height=\"150\" src=\"https:\/\/www.stagcyber.fr\/wp-content\/uploads\/2025\/11\/Digital_evidence-150x150.jpg\" class=\"attachment-thumbnail size-thumbnail wp-image-721\" alt=\"\" \/>\t\t\t\t\t\t\t\t\t\t\t\t\t\t\t<\/div>\n\t\t\t\t<div class=\"elementor-element elementor-element-d05e924 elementor-hidden-mobile elementor-widget elementor-widget-image\" data-id=\"d05e924\" data-element_type=\"widget\" data-widget_type=\"image.default\">\n\t\t\t\t\t\t\t\t\t\t\t\t\t\t\t<img decoding=\"async\" width=\"150\" height=\"150\" src=\"https:\/\/www.stagcyber.fr\/wp-content\/uploads\/2025\/11\/Digital_evidence-150x150.jpg\" class=\"attachment-thumbnail size-thumbnail wp-image-721\" alt=\"\" \/>\t\t\t\t\t\t\t\t\t\t\t\t\t\t\t<\/div>\n\t\t\t\t<div class=\"elementor-element elementor-element-782bfc9 elementor-widget elementor-widget-heading\" data-id=\"782bfc9\" data-element_type=\"widget\" data-widget_type=\"heading.default\">\n\t\t\t\t\t<h2 class=\"elementor-heading-title elementor-size-default\">Gestione della cybersecurity: integra la cybersecurity nella cultura e nella strategia dell'organizzazione, rendendola un acceleratore dei tuoi obiettivi.  <\/h2>\t\t\t\t<\/div>\n\t\t\t\t<div class=\"elementor-element elementor-element-5c9cfad elementor-widget elementor-widget-heading\" data-id=\"5c9cfad\" data-element_type=\"widget\" data-widget_type=\"heading.default\">\n\t\t\t\t\t<h2 class=\"elementor-heading-title elementor-size-default\"><a href=\"https:\/\/www.stagcyber.fr\/it\/compliance-e-strategia\/protezione-dei-dati-personali\/\">Protezione dei dati personali: dimostra agli stakeholder che la tua gestione dei dati personali \u00e8 sicura e rispettosa.<\/a><\/h2>\t\t\t\t<\/div>\n\t\t\t\t<div class=\"elementor-element elementor-element-4f3cc34 elementor-hidden-mobile elementor-widget elementor-widget-image\" data-id=\"4f3cc34\" data-element_type=\"widget\" data-widget_type=\"image.default\">\n\t\t\t\t\t\t\t\t\t\t\t\t\t\t\t<img decoding=\"async\" width=\"150\" height=\"150\" src=\"https:\/\/www.stagcyber.fr\/wp-content\/uploads\/2025\/11\/Digital_evidence-150x150.jpg\" class=\"attachment-thumbnail size-thumbnail wp-image-721\" alt=\"\" \/>\t\t\t\t\t\t\t\t\t\t\t\t\t\t\t<\/div>\n\t\t\t\t\t<\/div>\n\t\t\t\t<\/div>\n\t\t<div class=\"elementor-element elementor-element-7210a01 e-flex e-con-boxed e-con e-parent\" data-id=\"7210a01\" data-element_type=\"container\">\n\t\t\t\t\t<div class=\"e-con-inner\">\n\t\t\t\t<div class=\"elementor-element elementor-element-b4c24e1 elementor-widget elementor-widget-spacer\" data-id=\"b4c24e1\" data-element_type=\"widget\" data-widget_type=\"spacer.default\">\n\t\t\t\t\t\t\t<div class=\"elementor-spacer\">\n\t\t\t<div class=\"elementor-spacer-inner\"><\/div>\n\t\t<\/div>\n\t\t\t\t\t\t<\/div>\n\t\t\t\t<div class=\"elementor-element elementor-element-c4bf442 elementor-align-center animated-fast elementor-invisible elementor-widget elementor-widget-button\" data-id=\"c4bf442\" data-element_type=\"widget\" data-settings=\"{&quot;_animation&quot;:&quot;zoomIn&quot;}\" data-widget_type=\"button.default\">\n\t\t\t\t\t\t\t\t\t\t<a class=\"elementor-button elementor-button-link elementor-size-sm\" href=\"mailto:office@stagcybr.eu?subject=Web%20contact%20-%20cybersecurity%20and%20privacy\">\n\t\t\t\t\t\t<span class=\"elementor-button-content-wrapper\">\n\t\t\t\t\t\t<span class=\"elementor-button-icon\">\n\t\t\t\t<svg aria-hidden=\"true\" class=\"e-font-icon-svg e-far-comment-alt\" viewBox=\"0 0 512 512\" xmlns=\"http:\/\/www.w3.org\/2000\/svg\"><path d=\"M448 0H64C28.7 0 0 28.7 0 64v288c0 35.3 28.7 64 64 64h96v84c0 7.1 5.8 12 12 12 2.4 0 4.9-.7 7.1-2.4L304 416h144c35.3 0 64-28.7 64-64V64c0-35.3-28.7-64-64-64zm16 352c0 8.8-7.2 16-16 16H288l-12.8 9.6L208 428v-60H64c-8.8 0-16-7.2-16-16V64c0-8.8 7.2-16 16-16h384c8.8 0 16 7.2 16 16v288z\"><\/path><\/svg>\t\t\t<\/span>\n\t\t\t\t\t\t\t\t\t<span class=\"elementor-button-text\">Contattaci per una valutazione iniziale<\/span>\n\t\t\t\t\t<\/span>\n\t\t\t\t\t<\/a>\n\t\t\t\t\t\t\t\t<\/div>\n\t\t\t\t<div class=\"elementor-element elementor-element-96a6676 elementor-widget elementor-widget-spacer\" data-id=\"96a6676\" data-element_type=\"widget\" data-widget_type=\"spacer.default\">\n\t\t\t\t\t\t\t<div class=\"elementor-spacer\">\n\t\t\t<div class=\"elementor-spacer-inner\"><\/div>\n\t\t<\/div>\n\t\t\t\t\t\t<\/div>\n\t\t\t\t<div class=\"elementor-element elementor-element-e5272bd elementor-widget elementor-widget-heading\" data-id=\"e5272bd\" data-element_type=\"widget\" data-widget_type=\"heading.default\">\n\t\t\t\t\t<h2 class=\"elementor-heading-title elementor-size-default\">Cosa puoi fare:<\/h2>\t\t\t\t<\/div>\n\t\t\t\t<div class=\"elementor-element elementor-element-9bfb9ac e-transform elementor-widget elementor-widget-n-accordion\" data-id=\"9bfb9ac\" data-element_type=\"widget\" data-settings=\"{&quot;default_state&quot;:&quot;all_collapsed&quot;,&quot;max_items_expended&quot;:&quot;multiple&quot;,&quot;n_accordion_animation_duration&quot;:{&quot;unit&quot;:&quot;ms&quot;,&quot;size&quot;:400,&quot;sizes&quot;:[]},&quot;_transform_scale_effect_hover&quot;:{&quot;unit&quot;:&quot;px&quot;,&quot;size&quot;:&quot;&quot;,&quot;sizes&quot;:[]},&quot;_transform_scale_effect_hover_tablet&quot;:{&quot;unit&quot;:&quot;px&quot;,&quot;size&quot;:&quot;&quot;,&quot;sizes&quot;:[]},&quot;_transform_scale_effect_hover_mobile&quot;:{&quot;unit&quot;:&quot;px&quot;,&quot;size&quot;:&quot;&quot;,&quot;sizes&quot;:[]}}\" data-widget_type=\"nested-accordion.default\">\n\t\t\t\t\t\t\t<div class=\"e-n-accordion\" aria-label=\"Accordion. Open links with Enter or Space, close with Escape, and navigate with Arrow Keys\">\n\t\t\t\t\t\t<details id=\"e-n-accordion-item-1630\" class=\"e-n-accordion-item\" >\n\t\t\t\t<summary class=\"e-n-accordion-item-title\" data-accordion-index=\"1\" tabindex=\"0\" aria-expanded=\"false\" aria-controls=\"e-n-accordion-item-1630\" >\n\t\t\t\t\t<span class='e-n-accordion-item-title-header'><div class=\"e-n-accordion-item-title-text\"> Aumenta, proteggi e sfrutta i tuoi dati, le tue informazioni e le tue conoscenze <\/div><\/span>\n\t\t\t\t\t\t\t<span class='e-n-accordion-item-title-icon'>\n\t\t\t<span class='e-opened' ><svg aria-hidden=\"true\" class=\"e-font-icon-svg e-fas-minus\" viewBox=\"0 0 448 512\" xmlns=\"http:\/\/www.w3.org\/2000\/svg\"><path d=\"M416 208H32c-17.67 0-32 14.33-32 32v32c0 17.67 14.33 32 32 32h384c17.67 0 32-14.33 32-32v-32c0-17.67-14.33-32-32-32z\"><\/path><\/svg><\/span>\n\t\t\t<span class='e-closed'><svg aria-hidden=\"true\" class=\"e-font-icon-svg e-fas-plus\" viewBox=\"0 0 448 512\" xmlns=\"http:\/\/www.w3.org\/2000\/svg\"><path d=\"M416 208H272V64c0-17.67-14.33-32-32-32h-32c-17.67 0-32 14.33-32 32v144H32c-17.67 0-32 14.33-32 32v32c0 17.67 14.33 32 32 32h144v144c0 17.67 14.33 32 32 32h32c17.67 0 32-14.33 32-32V304h144c17.67 0 32-14.33 32-32v-32c0-17.67-14.33-32-32-32z\"><\/path><\/svg><\/span>\n\t\t<\/span>\n\n\t\t\t\t\t\t<\/summary>\n\t\t\t\t<div role=\"region\" aria-labelledby=\"e-n-accordion-item-1630\" class=\"elementor-element elementor-element-0a02b7c e-con-full e-flex e-con e-child\" data-id=\"0a02b7c\" data-element_type=\"container\">\n\t\t<div role=\"region\" aria-labelledby=\"e-n-accordion-item-1630\" class=\"elementor-element elementor-element-bcc5972 e-con-full e-flex e-con e-child\" data-id=\"bcc5972\" data-element_type=\"container\">\n\t\t\t\t<\/div>\n\t\t<div role=\"region\" aria-labelledby=\"e-n-accordion-item-1630\" class=\"elementor-element elementor-element-0920993 e-con-full e-flex e-con e-child\" data-id=\"0920993\" data-element_type=\"container\">\n\t\t\t\t<div class=\"elementor-element elementor-element-3f1f4dd elementor-widget elementor-widget-text-editor\" data-id=\"3f1f4dd\" data-element_type=\"widget\" data-widget_type=\"text-editor.default\">\n\t\t\t\t\t\t\t\t\t<p>Aiutiamo le organizzazioni a gestire il loro bene pi\u00f9 importante, le informazioni. Gestirlo in modo efficace <strong>riduce al minimo i costi e i rischi<\/strong> e consente di ottenere il massimo <strong>valore<\/strong>. Un controllo migliore inizia con una <strong>mappa dei flussi di informazioni<\/strong> all&#8217;interno dell&#8217;organizzazione: come vengono raccolte, create, archiviate, utilizzate, conservate e smaltite. La mappatura \u00e8 la base per un&#8217;analisi delle lacune che identifica la corretta classificazione, l&#8217;esposizione alla conformit\u00e0 e le inefficienze. Progettiamo quindi un <strong>quadro di governance delle informazioni<\/strong> facilmente implementabile, allineando policy, tecnologia e operazioni, in modo che ogni membro dell&#8217;organizzazione sappia esattamente come devono essere gestite le informazioni. Aiutiamo a implementare i<strong> controlli del ciclo di vita<\/strong> e a selezionare le tecnologie di supporto, se necessario, e assicuriamo che la governance sia integrata attraverso una chiara responsabilit\u00e0 e una formazione mirata e non una mera raccolta di documenti. Il risultato finale \u00e8 un <strong>approccio alle informazioni sostenibile e allineato al business<\/strong>, che migliora la qualit\u00e0 e la disponibilit\u00e0 dei dati, supporta gli obiettivi aziendali e il processo decisionale, riduce i rischi legali e operativi e crea fiducia negli stakeholder: clienti e autorit\u00e0 di regolamentazione.<\/p>\t\t\t\t\t\t\t\t<\/div>\n\t\t\t\t<\/div>\n\t\t\t\t<\/div>\n\t\t\t\t\t<\/details>\n\t\t\t\t\t\t<details id=\"e-n-accordion-item-1631\" class=\"e-n-accordion-item\" >\n\t\t\t\t<summary class=\"e-n-accordion-item-title\" data-accordion-index=\"2\" tabindex=\"-1\" aria-expanded=\"false\" aria-controls=\"e-n-accordion-item-1631\" >\n\t\t\t\t\t<span class='e-n-accordion-item-title-header'><div class=\"e-n-accordion-item-title-text\"> Navigare nel panorama delle normative digitali <\/div><\/span>\n\t\t\t\t\t\t\t<span class='e-n-accordion-item-title-icon'>\n\t\t\t<span class='e-opened' ><svg aria-hidden=\"true\" class=\"e-font-icon-svg e-fas-minus\" viewBox=\"0 0 448 512\" xmlns=\"http:\/\/www.w3.org\/2000\/svg\"><path d=\"M416 208H32c-17.67 0-32 14.33-32 32v32c0 17.67 14.33 32 32 32h384c17.67 0 32-14.33 32-32v-32c0-17.67-14.33-32-32-32z\"><\/path><\/svg><\/span>\n\t\t\t<span class='e-closed'><svg aria-hidden=\"true\" class=\"e-font-icon-svg e-fas-plus\" viewBox=\"0 0 448 512\" xmlns=\"http:\/\/www.w3.org\/2000\/svg\"><path d=\"M416 208H272V64c0-17.67-14.33-32-32-32h-32c-17.67 0-32 14.33-32 32v144H32c-17.67 0-32 14.33-32 32v32c0 17.67 14.33 32 32 32h144v144c0 17.67 14.33 32 32 32h32c17.67 0 32-14.33 32-32V304h144c17.67 0 32-14.33 32-32v-32c0-17.67-14.33-32-32-32z\"><\/path><\/svg><\/span>\n\t\t<\/span>\n\n\t\t\t\t\t\t<\/summary>\n\t\t\t\t<div role=\"region\" aria-labelledby=\"e-n-accordion-item-1631\" class=\"elementor-element elementor-element-aac9ea7 e-con-full e-flex e-con e-child\" data-id=\"aac9ea7\" data-element_type=\"container\">\n\t\t<div role=\"region\" aria-labelledby=\"e-n-accordion-item-1631\" class=\"elementor-element elementor-element-6d1055b e-con-full e-flex e-con e-child\" data-id=\"6d1055b\" data-element_type=\"container\">\n\t\t\t\t<\/div>\n\t\t<div role=\"region\" aria-labelledby=\"e-n-accordion-item-1631\" class=\"elementor-element elementor-element-ac705f9 e-con-full e-flex e-con e-child\" data-id=\"ac705f9\" data-element_type=\"container\">\n\t\t\t\t<div class=\"elementor-element elementor-element-30a3277 elementor-widget elementor-widget-text-editor\" data-id=\"30a3277\" data-element_type=\"widget\" data-widget_type=\"text-editor.default\">\n\t\t\t\t\t\t\t\t\t<p>La normativa europea sul digitale sta cambiando rapidamente e tutti gli attori interessati devono dimostrare che i loro dati, la sicurezza informatica e i processi sono controllati, conformi e verificabili. Ti aiutiamo a navigare in questa complessit\u00e0 con programmi di conformit\u00e0 pratici e mirati, che trasformano gli obblighi normativi in azioni chiare ed eseguibili. La nostra attenzione si concentra sulle normative che hanno un impatto sulla governance dei dati e delle informazioni, tra cui l&#8217;AI Act, il GDPR, il Digital Services Act (DSA), il Digital Markets Act (DMA), il Cyber Resilience Act (CRA), il NIS2, il DORA, il Data Act e il Data Governance Act. Ti aiutiamo a determinare quali regole si applicano e come sono correlate, a valutare il tuo attuale livello di preparazione e a tradurre la legge in requisiti operativi che riguardano la governance, i controlli tecnici, i contratti, la supervisione dei fornitori, la gestione del rischio e la formazione del personale.<\/p><p>Svilupperai una maggiore resilienza informatica e dei dati, ridurrai il rischio normativo e migliorerai la preparazione a violazioni, incidenti e audit.<\/p>\t\t\t\t\t\t\t\t<\/div>\n\t\t\t\t<\/div>\n\t\t\t\t<\/div>\n\t\t\t\t\t<\/details>\n\t\t\t\t\t\t<details id=\"e-n-accordion-item-1632\" class=\"e-n-accordion-item\" >\n\t\t\t\t<summary class=\"e-n-accordion-item-title\" data-accordion-index=\"3\" tabindex=\"-1\" aria-expanded=\"false\" aria-controls=\"e-n-accordion-item-1632\" >\n\t\t\t\t\t<span class='e-n-accordion-item-title-header'><div class=\"e-n-accordion-item-title-text\"> Incorpora la cybersicurezza nella cultura e nella strategia dell'organizzazione, rendendola un acceleratore dei tuoi obiettivi.   <\/div><\/span>\n\t\t\t\t\t\t\t<span class='e-n-accordion-item-title-icon'>\n\t\t\t<span class='e-opened' ><svg aria-hidden=\"true\" class=\"e-font-icon-svg e-fas-minus\" viewBox=\"0 0 448 512\" xmlns=\"http:\/\/www.w3.org\/2000\/svg\"><path d=\"M416 208H32c-17.67 0-32 14.33-32 32v32c0 17.67 14.33 32 32 32h384c17.67 0 32-14.33 32-32v-32c0-17.67-14.33-32-32-32z\"><\/path><\/svg><\/span>\n\t\t\t<span class='e-closed'><svg aria-hidden=\"true\" class=\"e-font-icon-svg e-fas-plus\" viewBox=\"0 0 448 512\" xmlns=\"http:\/\/www.w3.org\/2000\/svg\"><path d=\"M416 208H272V64c0-17.67-14.33-32-32-32h-32c-17.67 0-32 14.33-32 32v144H32c-17.67 0-32 14.33-32 32v32c0 17.67 14.33 32 32 32h144v144c0 17.67 14.33 32 32 32h32c17.67 0 32-14.33 32-32V304h144c17.67 0 32-14.33 32-32v-32c0-17.67-14.33-32-32-32z\"><\/path><\/svg><\/span>\n\t\t<\/span>\n\n\t\t\t\t\t\t<\/summary>\n\t\t\t\t<div role=\"region\" aria-labelledby=\"e-n-accordion-item-1632\" class=\"elementor-element elementor-element-0b7e395 e-con-full e-flex e-con e-child\" data-id=\"0b7e395\" data-element_type=\"container\">\n\t\t<div role=\"region\" aria-labelledby=\"e-n-accordion-item-1632\" class=\"elementor-element elementor-element-0b4d6f9 e-con-full e-flex e-con e-child\" data-id=\"0b4d6f9\" data-element_type=\"container\">\n\t\t\t\t<\/div>\n\t\t<div role=\"region\" aria-labelledby=\"e-n-accordion-item-1632\" class=\"elementor-element elementor-element-9f09cc7 e-con-full e-flex e-con e-child\" data-id=\"9f09cc7\" data-element_type=\"container\">\n\t\t\t\t<div class=\"elementor-element elementor-element-ad7f0bc elementor-widget elementor-widget-text-editor\" data-id=\"ad7f0bc\" data-element_type=\"widget\" data-widget_type=\"text-editor.default\">\n\t\t\t\t\t\t\t\t\t<p>Aiutiamo le organizzazioni a ridurre i rischi in modo affidabile e misurabile progettando, implementando e certificando sistemi di gestione della sicurezza delle informazioni (ISMS) allineati ai principali standard globali e alle migliori pratiche. Traduciamo schemi standard come ISO 27001 e ISO 27701 in controlli pratici, strutture di governance e processi operativi.<\/p>\t\t\t\t\t\t\t\t<\/div>\n\t\t\t\t<\/div>\n\t\t\t\t<\/div>\n\t\t\t\t\t<\/details>\n\t\t\t\t\t\t<details id=\"e-n-accordion-item-1633\" class=\"e-n-accordion-item\" >\n\t\t\t\t<summary class=\"e-n-accordion-item-title\" data-accordion-index=\"4\" tabindex=\"-1\" aria-expanded=\"false\" aria-controls=\"e-n-accordion-item-1633\" >\n\t\t\t\t\t<span class='e-n-accordion-item-title-header'><div class=\"e-n-accordion-item-title-text\"> Dimostra agli stakeholder che la tua gestione dei dati personali delle persone \u00e8 sicura e rispettosa. <\/div><\/span>\n\t\t\t\t\t\t\t<span class='e-n-accordion-item-title-icon'>\n\t\t\t<span class='e-opened' ><svg aria-hidden=\"true\" class=\"e-font-icon-svg e-fas-minus\" viewBox=\"0 0 448 512\" xmlns=\"http:\/\/www.w3.org\/2000\/svg\"><path d=\"M416 208H32c-17.67 0-32 14.33-32 32v32c0 17.67 14.33 32 32 32h384c17.67 0 32-14.33 32-32v-32c0-17.67-14.33-32-32-32z\"><\/path><\/svg><\/span>\n\t\t\t<span class='e-closed'><svg aria-hidden=\"true\" class=\"e-font-icon-svg e-fas-plus\" viewBox=\"0 0 448 512\" xmlns=\"http:\/\/www.w3.org\/2000\/svg\"><path d=\"M416 208H272V64c0-17.67-14.33-32-32-32h-32c-17.67 0-32 14.33-32 32v144H32c-17.67 0-32 14.33-32 32v32c0 17.67 14.33 32 32 32h144v144c0 17.67 14.33 32 32 32h32c17.67 0 32-14.33 32-32V304h144c17.67 0 32-14.33 32-32v-32c0-17.67-14.33-32-32-32z\"><\/path><\/svg><\/span>\n\t\t<\/span>\n\n\t\t\t\t\t\t<\/summary>\n\t\t\t\t<div role=\"region\" aria-labelledby=\"e-n-accordion-item-1633\" class=\"elementor-element elementor-element-fc01c57 e-flex e-con-boxed e-con e-child\" data-id=\"fc01c57\" data-element_type=\"container\">\n\t\t\t\t\t<div class=\"e-con-inner\">\n\t\t<div role=\"region\" aria-labelledby=\"e-n-accordion-item-1633\" class=\"elementor-element elementor-element-618f980 e-con-full e-flex e-con e-child\" data-id=\"618f980\" data-element_type=\"container\">\n\t\t\t\t<\/div>\n\t\t<div role=\"region\" aria-labelledby=\"e-n-accordion-item-1633\" class=\"elementor-element elementor-element-c638c42 e-con-full e-flex e-con e-child\" data-id=\"c638c42\" data-element_type=\"container\">\n\t\t\t\t<div class=\"elementor-element elementor-element-c46c933 elementor-widget elementor-widget-text-editor\" data-id=\"c46c933\" data-element_type=\"widget\" data-widget_type=\"text-editor.default\">\n\t\t\t\t\t\t\t\t\t<p>I nostri servizi di consulenza sulla protezione dei dati aiutano le organizzazioni di qualsiasi dimensione o settore a conformarsi (e a mantenere la conformit\u00e0) al Regolamento generale sulla protezione dei dati dell&#8217;UE e alle altre normative pertinenti. La conformit\u00e0 alla protezione dei dati e alla privacy \u00e8 prima di tutto una questione organizzativa, ma gli aspetti tecnici di sicurezza delle informazioni e quelli legali sono altrettanto importanti. Possiamo aiutarti con un approccio olistico e non settoriale, dall&#8217;analisi iniziale delle lacune alla gestione dei processi, dallo sviluppo di politiche e procedure interne ai controlli di sicurezza informatica da implementare. Il GDPR ha introdotto un campo di applicazione pi\u00f9 ampio che obbliga anche le aziende non europee a conformarsi se vogliono operare nel mercato europeo e trattare i dati personali dei cittadini dell&#8217;UE. Aiutiamo la tua azienda a operare in sicurezza in Europa.<\/p>\t\t\t\t\t\t\t\t<\/div>\n\t\t\t\t<\/div>\n\t\t\t\t\t<\/div>\n\t\t\t\t<\/div>\n\t\t\t\t\t<\/details>\n\t\t\t\t\t<\/div>\n\t\t\t\t\t\t<\/div>\n\t\t\t\t\t<\/div>\n\t\t\t\t<\/div>\n\t\t\t\t<\/div>\n\t\t","protected":false},"excerpt":{"rendered":"<p>Governance strategica delle informazioni: aumenta, proteggi e sfrutta i tuoi dati, le tue informazioni e la tua conoscenza Conformit\u00e0 ai regolamenti digitali europei: superare la sfida [&hellip;]<\/p>\n","protected":false},"author":1,"featured_media":0,"parent":0,"menu_order":0,"comment_status":"closed","ping_status":"closed","template":"","meta":{"footnotes":""},"class_list":["post-334","page","type-page","status-publish","hentry"],"_links":{"self":[{"href":"https:\/\/www.stagcyber.fr\/it\/wp-json\/wp\/v2\/pages\/334","targetHints":{"allow":["GET"]}}],"collection":[{"href":"https:\/\/www.stagcyber.fr\/it\/wp-json\/wp\/v2\/pages"}],"about":[{"href":"https:\/\/www.stagcyber.fr\/it\/wp-json\/wp\/v2\/types\/page"}],"author":[{"embeddable":true,"href":"https:\/\/www.stagcyber.fr\/it\/wp-json\/wp\/v2\/users\/1"}],"replies":[{"embeddable":true,"href":"https:\/\/www.stagcyber.fr\/it\/wp-json\/wp\/v2\/comments?post=334"}],"version-history":[{"count":15,"href":"https:\/\/www.stagcyber.fr\/it\/wp-json\/wp\/v2\/pages\/334\/revisions"}],"predecessor-version":[{"id":788,"href":"https:\/\/www.stagcyber.fr\/it\/wp-json\/wp\/v2\/pages\/334\/revisions\/788"}],"wp:attachment":[{"href":"https:\/\/www.stagcyber.fr\/it\/wp-json\/wp\/v2\/media?parent=334"}],"curies":[{"name":"wp","href":"https:\/\/api.w.org\/{rel}","templated":true}]}}