{"id":812,"date":"2026-01-07T17:44:52","date_gmt":"2026-01-07T16:44:52","guid":{"rendered":"https:\/\/www.stagcyber.fr\/europrogettazione\/"},"modified":"2026-01-30T17:19:17","modified_gmt":"2026-01-30T16:19:17","slug":"europrogettazione","status":"publish","type":"page","link":"https:\/\/www.stagcyber.fr\/it\/europrogettazione\/","title":{"rendered":"Europrogettazione"},"content":{"rendered":"\t\t<div data-elementor-type=\"wp-page\" data-elementor-id=\"812\" class=\"elementor elementor-812 elementor-659\">\n\t\t\t\t<div class=\"elementor-element elementor-element-40e639c3 e-grid e-con-boxed e-con e-parent\" data-id=\"40e639c3\" data-element_type=\"container\">\n\t\t\t\t\t<div class=\"e-con-inner\">\n\t\t\t\t<div class=\"elementor-element elementor-element-488f6b2a elementor-hidden-mobile elementor-widget elementor-widget-image\" data-id=\"488f6b2a\" data-element_type=\"widget\" data-widget_type=\"image.default\">\n\t\t\t\t\t\t\t\t\t\t\t\t\t\t\t<img decoding=\"async\" width=\"150\" height=\"150\" src=\"https:\/\/www.stagcyber.fr\/wp-content\/uploads\/2025\/11\/Digital_evidence-150x150.jpg\" class=\"attachment-thumbnail size-thumbnail wp-image-721\" alt=\"\" \/>\t\t\t\t\t\t\t\t\t\t\t\t\t\t\t<\/div>\n\t\t\t\t<div class=\"elementor-element elementor-element-1245c9ee elementor-widget elementor-widget-heading\" data-id=\"1245c9ee\" data-element_type=\"widget\" data-widget_type=\"heading.default\">\n\t\t\t\t\t<h2 class=\"elementor-heading-title elementor-size-default\">Sviluppare idee e proposte efficaci<\/h2>\t\t\t\t<\/div>\n\t\t\t\t<div class=\"elementor-element elementor-element-3db7708a elementor-widget elementor-widget-heading\" data-id=\"3db7708a\" data-element_type=\"widget\" data-widget_type=\"heading.default\">\n\t\t\t\t\t<h2 class=\"elementor-heading-title elementor-size-default\">Costruisci la giusta partnership, gestisci le relazioni e proteggi lal tua propriet\u00e0 intellettuale<\/h2>\t\t\t\t<\/div>\n\t\t\t\t<div class=\"elementor-element elementor-element-619c7a6 elementor-hidden-mobile elementor-widget elementor-widget-image\" data-id=\"619c7a6\" data-element_type=\"widget\" data-widget_type=\"image.default\">\n\t\t\t\t\t\t\t\t\t\t\t\t\t\t\t<img decoding=\"async\" width=\"150\" height=\"150\" src=\"https:\/\/www.stagcyber.fr\/wp-content\/uploads\/2025\/11\/Digital_evidence-150x150.jpg\" class=\"attachment-thumbnail size-thumbnail wp-image-721\" alt=\"\" \/>\t\t\t\t\t\t\t\t\t\t\t\t\t\t\t<\/div>\n\t\t\t\t<div class=\"elementor-element elementor-element-296ca11d elementor-hidden-mobile elementor-widget elementor-widget-image\" data-id=\"296ca11d\" data-element_type=\"widget\" data-widget_type=\"image.default\">\n\t\t\t\t\t\t\t\t\t\t\t\t\t\t\t<img decoding=\"async\" width=\"150\" height=\"150\" src=\"https:\/\/www.stagcyber.fr\/wp-content\/uploads\/2025\/11\/Digital_evidence-150x150.jpg\" class=\"attachment-thumbnail size-thumbnail wp-image-721\" alt=\"\" \/>\t\t\t\t\t\t\t\t\t\t\t\t\t\t\t<\/div>\n\t\t\t\t<div class=\"elementor-element elementor-element-4506df88 elementor-widget elementor-widget-heading\" data-id=\"4506df88\" data-element_type=\"widget\" data-widget_type=\"heading.default\">\n\t\t\t\t\t<h2 class=\"elementor-heading-title elementor-size-default\">Acquista e mantieni nel tempo le competenze necessarie per partecipare ai progetti europei.<\/h2>\t\t\t\t<\/div>\n\t\t\t\t\t<\/div>\n\t\t\t\t<\/div>\n\t\t<div class=\"elementor-element elementor-element-6355d95a e-flex e-con-boxed e-con e-parent\" data-id=\"6355d95a\" data-element_type=\"container\">\n\t\t\t\t\t<div class=\"e-con-inner\">\n\t\t\t\t<div class=\"elementor-element elementor-element-7f53269a elementor-widget elementor-widget-spacer\" data-id=\"7f53269a\" data-element_type=\"widget\" data-widget_type=\"spacer.default\">\n\t\t\t\t\t\t\t<div class=\"elementor-spacer\">\n\t\t\t<div class=\"elementor-spacer-inner\"><\/div>\n\t\t<\/div>\n\t\t\t\t\t\t<\/div>\n\t\t\t\t<div class=\"elementor-element elementor-element-342fa588 elementor-align-center animated-fast elementor-invisible elementor-widget elementor-widget-button\" data-id=\"342fa588\" data-element_type=\"widget\" data-settings=\"{&quot;_animation&quot;:&quot;zoomIn&quot;}\" data-widget_type=\"button.default\">\n\t\t\t\t\t\t\t\t\t\t<a class=\"elementor-button elementor-button-link elementor-size-sm\" href=\"mailto:office@stagcybr.eu?subject=Contatto%20web%20-%20Progetti%20europei\">\n\t\t\t\t\t\t<span class=\"elementor-button-content-wrapper\">\n\t\t\t\t\t\t<span class=\"elementor-button-icon\">\n\t\t\t\t<svg aria-hidden=\"true\" class=\"e-font-icon-svg e-far-comment-alt\" viewBox=\"0 0 512 512\" xmlns=\"http:\/\/www.w3.org\/2000\/svg\"><path d=\"M448 0H64C28.7 0 0 28.7 0 64v288c0 35.3 28.7 64 64 64h96v84c0 7.1 5.8 12 12 12 2.4 0 4.9-.7 7.1-2.4L304 416h144c35.3 0 64-28.7 64-64V64c0-35.3-28.7-64-64-64zm16 352c0 8.8-7.2 16-16 16H288l-12.8 9.6L208 428v-60H64c-8.8 0-16-7.2-16-16V64c0-8.8 7.2-16 16-16h384c8.8 0 16 7.2 16 16v288z\"><\/path><\/svg>\t\t\t<\/span>\n\t\t\t\t\t\t\t\t\t<span class=\"elementor-button-text\">Contattaci per una valutazione iniziale<\/span>\n\t\t\t\t\t<\/span>\n\t\t\t\t\t<\/a>\n\t\t\t\t\t\t\t\t<\/div>\n\t\t\t\t<div class=\"elementor-element elementor-element-2c5d2ee8 elementor-widget elementor-widget-spacer\" data-id=\"2c5d2ee8\" data-element_type=\"widget\" data-widget_type=\"spacer.default\">\n\t\t\t\t\t\t\t<div class=\"elementor-spacer\">\n\t\t\t<div class=\"elementor-spacer-inner\"><\/div>\n\t\t<\/div>\n\t\t\t\t\t\t<\/div>\n\t\t\t\t<div class=\"elementor-element elementor-element-3d18e223 elementor-widget elementor-widget-heading\" data-id=\"3d18e223\" data-element_type=\"widget\" data-widget_type=\"heading.default\">\n\t\t\t\t\t<h2 class=\"elementor-heading-title elementor-size-default\">Cosa puoi fare:<\/h2>\t\t\t\t<\/div>\n\t\t\t\t<div class=\"elementor-element elementor-element-50aca3d8 e-transform elementor-widget elementor-widget-n-accordion\" data-id=\"50aca3d8\" data-element_type=\"widget\" data-settings=\"{&quot;default_state&quot;:&quot;all_collapsed&quot;,&quot;max_items_expended&quot;:&quot;multiple&quot;,&quot;n_accordion_animation_duration&quot;:{&quot;unit&quot;:&quot;ms&quot;,&quot;size&quot;:400,&quot;sizes&quot;:[]},&quot;_transform_scale_effect_hover&quot;:{&quot;unit&quot;:&quot;px&quot;,&quot;size&quot;:&quot;&quot;,&quot;sizes&quot;:[]},&quot;_transform_scale_effect_hover_tablet&quot;:{&quot;unit&quot;:&quot;px&quot;,&quot;size&quot;:&quot;&quot;,&quot;sizes&quot;:[]},&quot;_transform_scale_effect_hover_mobile&quot;:{&quot;unit&quot;:&quot;px&quot;,&quot;size&quot;:&quot;&quot;,&quot;sizes&quot;:[]}}\" data-widget_type=\"nested-accordion.default\">\n\t\t\t\t\t\t\t<div class=\"e-n-accordion\" aria-label=\"Accordion. Open links with Enter or Space, close with Escape, and navigate with Arrow Keys\">\n\t\t\t\t\t\t<details id=\"e-n-accordion-item-1350\" class=\"e-n-accordion-item\" >\n\t\t\t\t<summary class=\"e-n-accordion-item-title\" data-accordion-index=\"1\" tabindex=\"0\" aria-expanded=\"false\" aria-controls=\"e-n-accordion-item-1350\" >\n\t\t\t\t\t<span class='e-n-accordion-item-title-header'><div class=\"e-n-accordion-item-title-text\"> Sviluppare idee e proposte efficaci <\/div><\/span>\n\t\t\t\t\t\t\t<span class='e-n-accordion-item-title-icon'>\n\t\t\t<span class='e-opened' ><svg aria-hidden=\"true\" class=\"e-font-icon-svg e-fas-minus\" viewBox=\"0 0 448 512\" xmlns=\"http:\/\/www.w3.org\/2000\/svg\"><path d=\"M416 208H32c-17.67 0-32 14.33-32 32v32c0 17.67 14.33 32 32 32h384c17.67 0 32-14.33 32-32v-32c0-17.67-14.33-32-32-32z\"><\/path><\/svg><\/span>\n\t\t\t<span class='e-closed'><svg aria-hidden=\"true\" class=\"e-font-icon-svg e-fas-plus\" viewBox=\"0 0 448 512\" xmlns=\"http:\/\/www.w3.org\/2000\/svg\"><path d=\"M416 208H272V64c0-17.67-14.33-32-32-32h-32c-17.67 0-32 14.33-32 32v144H32c-17.67 0-32 14.33-32 32v32c0 17.67 14.33 32 32 32h144v144c0 17.67 14.33 32 32 32h32c17.67 0 32-14.33 32-32V304h144c17.67 0 32-14.33 32-32v-32c0-17.67-14.33-32-32-32z\"><\/path><\/svg><\/span>\n\t\t<\/span>\n\n\t\t\t\t\t\t<\/summary>\n\t\t\t\t<div role=\"region\" aria-labelledby=\"e-n-accordion-item-1350\" class=\"elementor-element elementor-element-2240fe58 e-con-full e-flex e-con e-child\" data-id=\"2240fe58\" data-element_type=\"container\">\n\t\t<div role=\"region\" aria-labelledby=\"e-n-accordion-item-1350\" class=\"elementor-element elementor-element-37f43c58 e-con-full e-flex e-con e-child\" data-id=\"37f43c58\" data-element_type=\"container\">\n\t\t\t\t<\/div>\n\t\t<div role=\"region\" aria-labelledby=\"e-n-accordion-item-1350\" class=\"elementor-element elementor-element-27ffbfe7 e-con-full e-flex e-con e-child\" data-id=\"27ffbfe7\" data-element_type=\"container\">\n\t\t\t\t<div class=\"elementor-element elementor-element-3945d35a elementor-widget elementor-widget-text-editor\" data-id=\"3945d35a\" data-element_type=\"widget\" data-widget_type=\"text-editor.default\">\n\t\t\t\t\t\t\t\t\t<p>I finanziamenti europei sono sempre pi\u00f9 competitivi: il margine tra una buona proposta e una vincente spesso si riduce a coerenza, comprensione degli obiettivi del bando e posizionamento accurato. Aiutiamo le organizzazioni a trasformare le idee di progetto in proposte persuasive, conformi e competitive, per programmi come Horizon Europe, Digital Europe e il Fondo Europeo per la Difesa (EDF). Lavoriamo con voi durante tutto il processo, dall&#8217;idea iniziale alla presentazione, assicurandoci che la tua proposta soddisfi non solo i requisiti formali, ma anche le aspettative e le priorit\u00e0 dei valutatori.  <\/p>\t\t\t\t\t\t\t\t<\/div>\n\t\t\t\t<\/div>\n\t\t\t\t<\/div>\n\t\t\t\t\t<\/details>\n\t\t\t\t\t\t<details id=\"e-n-accordion-item-1351\" class=\"e-n-accordion-item\" >\n\t\t\t\t<summary class=\"e-n-accordion-item-title\" data-accordion-index=\"2\" tabindex=\"-1\" aria-expanded=\"false\" aria-controls=\"e-n-accordion-item-1351\" >\n\t\t\t\t\t<span class='e-n-accordion-item-title-header'><div class=\"e-n-accordion-item-title-text\"> Costruire la giusta partnership e gestire le relazioni <\/div><\/span>\n\t\t\t\t\t\t\t<span class='e-n-accordion-item-title-icon'>\n\t\t\t<span class='e-opened' ><svg aria-hidden=\"true\" class=\"e-font-icon-svg e-fas-minus\" viewBox=\"0 0 448 512\" xmlns=\"http:\/\/www.w3.org\/2000\/svg\"><path d=\"M416 208H32c-17.67 0-32 14.33-32 32v32c0 17.67 14.33 32 32 32h384c17.67 0 32-14.33 32-32v-32c0-17.67-14.33-32-32-32z\"><\/path><\/svg><\/span>\n\t\t\t<span class='e-closed'><svg aria-hidden=\"true\" class=\"e-font-icon-svg e-fas-plus\" viewBox=\"0 0 448 512\" xmlns=\"http:\/\/www.w3.org\/2000\/svg\"><path d=\"M416 208H272V64c0-17.67-14.33-32-32-32h-32c-17.67 0-32 14.33-32 32v144H32c-17.67 0-32 14.33-32 32v32c0 17.67 14.33 32 32 32h144v144c0 17.67 14.33 32 32 32h32c17.67 0 32-14.33 32-32V304h144c17.67 0 32-14.33 32-32v-32c0-17.67-14.33-32-32-32z\"><\/path><\/svg><\/span>\n\t\t<\/span>\n\n\t\t\t\t\t\t<\/summary>\n\t\t\t\t<div role=\"region\" aria-labelledby=\"e-n-accordion-item-1351\" class=\"elementor-element elementor-element-361dcd96 e-con-full e-flex e-con e-child\" data-id=\"361dcd96\" data-element_type=\"container\">\n\t\t<div role=\"region\" aria-labelledby=\"e-n-accordion-item-1351\" class=\"elementor-element elementor-element-3b10b0d7 e-con-full e-flex e-con e-child\" data-id=\"3b10b0d7\" data-element_type=\"container\">\n\t\t\t\t<\/div>\n\t\t<div role=\"region\" aria-labelledby=\"e-n-accordion-item-1351\" class=\"elementor-element elementor-element-ccedae e-con-full e-flex e-con e-child\" data-id=\"ccedae\" data-element_type=\"container\">\n\t\t\t\t<div class=\"elementor-element elementor-element-9b638fa elementor-widget elementor-widget-text-editor\" data-id=\"9b638fa\" data-element_type=\"widget\" data-widget_type=\"text-editor.default\">\n\t\t\t\t\t\t\t\t\t<p>La creazione del giusto consorzio \u00e8 spesso la parte pi\u00f9 impegnativa dello sviluppo di una proposta, ma \u00e8 decisiva. Ti aiutiamo a identificare, coinvolgere e assicurarti i partner che rafforzeranno la tua proposta e dimostreranno in modo convincente la massa critica, le competenze e la dimensione europea che i valutatori si aspettano. Sia che tu intenda coordinare il progetto o partecipare come partner, possiamo supportarti nella creazione di un consorzio adeguato, con ruoli definiti e competenze equilibrate. Ti aiutiamo anche a definire il quadro giuridico per una collaborazione sicura e a proteggere la tua propriet\u00e0 intellettuale fin dalla fase di sviluppo della proposta.   <\/p>\t\t\t\t\t\t\t\t<\/div>\n\t\t\t\t<\/div>\n\t\t\t\t<\/div>\n\t\t\t\t\t<\/details>\n\t\t\t\t\t\t<details id=\"e-n-accordion-item-1352\" class=\"e-n-accordion-item\" >\n\t\t\t\t<summary class=\"e-n-accordion-item-title\" data-accordion-index=\"3\" tabindex=\"-1\" aria-expanded=\"false\" aria-controls=\"e-n-accordion-item-1352\" >\n\t\t\t\t\t<span class='e-n-accordion-item-title-header'><div class=\"e-n-accordion-item-title-text\"> Acquisire e mantenere le competenze necessarie per partecipare ai progetti europei. <\/div><\/span>\n\t\t\t\t\t\t\t<span class='e-n-accordion-item-title-icon'>\n\t\t\t<span class='e-opened' ><svg aria-hidden=\"true\" class=\"e-font-icon-svg e-fas-minus\" viewBox=\"0 0 448 512\" xmlns=\"http:\/\/www.w3.org\/2000\/svg\"><path d=\"M416 208H32c-17.67 0-32 14.33-32 32v32c0 17.67 14.33 32 32 32h384c17.67 0 32-14.33 32-32v-32c0-17.67-14.33-32-32-32z\"><\/path><\/svg><\/span>\n\t\t\t<span class='e-closed'><svg aria-hidden=\"true\" class=\"e-font-icon-svg e-fas-plus\" viewBox=\"0 0 448 512\" xmlns=\"http:\/\/www.w3.org\/2000\/svg\"><path d=\"M416 208H272V64c0-17.67-14.33-32-32-32h-32c-17.67 0-32 14.33-32 32v144H32c-17.67 0-32 14.33-32 32v32c0 17.67 14.33 32 32 32h144v144c0 17.67 14.33 32 32 32h32c17.67 0 32-14.33 32-32V304h144c17.67 0 32-14.33 32-32v-32c0-17.67-14.33-32-32-32z\"><\/path><\/svg><\/span>\n\t\t<\/span>\n\n\t\t\t\t\t\t<\/summary>\n\t\t\t\t<div role=\"region\" aria-labelledby=\"e-n-accordion-item-1352\" class=\"elementor-element elementor-element-5986daf8 e-con-full e-flex e-con e-child\" data-id=\"5986daf8\" data-element_type=\"container\">\n\t\t<div role=\"region\" aria-labelledby=\"e-n-accordion-item-1352\" class=\"elementor-element elementor-element-473f2996 e-con-full e-flex e-con e-child\" data-id=\"473f2996\" data-element_type=\"container\">\n\t\t\t\t<\/div>\n\t\t<div role=\"region\" aria-labelledby=\"e-n-accordion-item-1352\" class=\"elementor-element elementor-element-7aa4a30a e-con-full e-flex e-con e-child\" data-id=\"7aa4a30a\" data-element_type=\"container\">\n\t\t\t\t<div class=\"elementor-element elementor-element-5ed6a66c elementor-widget elementor-widget-text-editor\" data-id=\"5ed6a66c\" data-element_type=\"widget\" data-widget_type=\"text-editor.default\">\n\t\t\t\t\t\t\t\t\t<p>Offriamo corsi su misura per le organizzazioni interessate ai programmi di finanziamento europei per la ricerca e lo sviluppo, dall&#8217;elaborazione delle proposte, alla definizione del budget, alla gestione dei progetti e alla protezione della propriet\u00e0 intellettuale.<\/p>\t\t\t\t\t\t\t\t<\/div>\n\t\t\t\t<\/div>\n\t\t\t\t<\/div>\n\t\t\t\t\t<\/details>\n\t\t\t\t\t<\/div>\n\t\t\t\t\t\t<\/div>\n\t\t\t\t\t<\/div>\n\t\t\t\t<\/div>\n\t\t\t\t<\/div>\n\t\t","protected":false},"excerpt":{"rendered":"<p>Sviluppare idee e proposte efficaci Costruisci la giusta partnership, gestisci le relazioni e proteggi lal tua propriet\u00e0 intellettuale Acquista e mantieni nel tempo le competenze necessarie [&hellip;]<\/p>\n","protected":false},"author":1,"featured_media":0,"parent":0,"menu_order":0,"comment_status":"closed","ping_status":"closed","template":"","meta":{"footnotes":""},"class_list":["post-812","page","type-page","status-publish","hentry"],"_links":{"self":[{"href":"https:\/\/www.stagcyber.fr\/it\/wp-json\/wp\/v2\/pages\/812","targetHints":{"allow":["GET"]}}],"collection":[{"href":"https:\/\/www.stagcyber.fr\/it\/wp-json\/wp\/v2\/pages"}],"about":[{"href":"https:\/\/www.stagcyber.fr\/it\/wp-json\/wp\/v2\/types\/page"}],"author":[{"embeddable":true,"href":"https:\/\/www.stagcyber.fr\/it\/wp-json\/wp\/v2\/users\/1"}],"replies":[{"embeddable":true,"href":"https:\/\/www.stagcyber.fr\/it\/wp-json\/wp\/v2\/comments?post=812"}],"version-history":[{"count":3,"href":"https:\/\/www.stagcyber.fr\/it\/wp-json\/wp\/v2\/pages\/812\/revisions"}],"predecessor-version":[{"id":815,"href":"https:\/\/www.stagcyber.fr\/it\/wp-json\/wp\/v2\/pages\/812\/revisions\/815"}],"wp:attachment":[{"href":"https:\/\/www.stagcyber.fr\/it\/wp-json\/wp\/v2\/media?parent=812"}],"curies":[{"name":"wp","href":"https:\/\/api.w.org\/{rel}","templated":true}]}}